
{"id":31336,"date":"2022-06-29T13:01:12","date_gmt":"2022-06-29T11:01:12","guid":{"rendered":"https:\/\/stonehouse.se\/produkt\/larmset-k-dosa-16pol-sk-sk\/"},"modified":"2026-04-08T16:49:31","modified_gmt":"2026-04-08T14:49:31","slug":"larmset-k-dosa-16pol-sk-sk","status":"publish","type":"product","link":"https:\/\/stonehouse.se\/en\/product\/larmset-k-dosa-16pol-sk-sk\/","title":{"rendered":"Larmdosa \/ Kopplingsdosa16Pol Skruv \/ Skruv"},"content":{"rendered":"<p>Anslutningsplint f\u00f6r montering inf\u00e4lld i kopplingsdosa (ytterm\u00e5tt 82mm) med c\/c 67mm h\u00e5lavst\u00e5nd. Plint med skruvterminaler och hissfunktion f\u00f6r 0,14-1mm2 flerkardelig tr\u00e5d. 16 st f\u00f6r inkommande kabel och 16 st f\u00f6r utg\u00e5ende kabel. Levereras med ett kvadratiskt t\u00e4cklock 92&#215;92 mm vit UL94-V0 plast.<\/p>","protected":false},"excerpt":{"rendered":"<p>Larmbox &#8211; Larmdosa &#8211; Kopplingsdosa<\/p>","protected":false},"featured_media":83162,"template":"","meta":{"_acf_changed":false},"product_brand":[],"product_cat":[468],"product_tag":[1548,1554],"class_list":{"0":"post-31336","1":"product","2":"type-product","3":"status-publish","4":"has-post-thumbnail","6":"product_cat-larmdosor","7":"product_tag-dosa-16-polig","8":"product_tag-dosa-for-kopplingsdosa-k-dosa","9":"product_shipping_class-postnord-varubrev","10":"pa_brands-alarmtech","11":"pa_farg-ovrigt","12":"tm-no-options","14":"first","15":"instock","16":"sale","17":"taxable","18":"shipping-taxable","19":"product-type-simple"},"acf":[],"_links":{"self":[{"href":"https:\/\/stonehouse.se\/en\/wp-json\/wp\/v2\/product\/31336","targetHints":{"allow":["GET"]}}],"collection":[{"href":"https:\/\/stonehouse.se\/en\/wp-json\/wp\/v2\/product"}],"about":[{"href":"https:\/\/stonehouse.se\/en\/wp-json\/wp\/v2\/types\/product"}],"wp:featuredmedia":[{"embeddable":true,"href":"https:\/\/stonehouse.se\/en\/wp-json\/wp\/v2\/media\/83162"}],"wp:attachment":[{"href":"https:\/\/stonehouse.se\/en\/wp-json\/wp\/v2\/media?parent=31336"}],"wp:term":[{"taxonomy":"product_brand","embeddable":true,"href":"https:\/\/stonehouse.se\/en\/wp-json\/wp\/v2\/product_brand?post=31336"},{"taxonomy":"product_cat","embeddable":true,"href":"https:\/\/stonehouse.se\/en\/wp-json\/wp\/v2\/product_cat?post=31336"},{"taxonomy":"product_tag","embeddable":true,"href":"https:\/\/stonehouse.se\/en\/wp-json\/wp\/v2\/product_tag?post=31336"}],"curies":[{"name":"wp","href":"https:\/\/api.w.org\/{rel}","templated":true}]}}