
{"id":31337,"date":"2022-06-29T13:00:43","date_gmt":"2022-06-29T11:00:43","guid":{"rendered":"https:\/\/stonehouse.se\/produkt\/kk-lada-for-20-plint\/"},"modified":"2026-04-08T16:49:47","modified_gmt":"2026-04-08T14:49:47","slug":"kk-lada-for-20-plint","status":"publish","type":"product","link":"https:\/\/stonehouse.se\/en\/product\/kk-lada-for-20-plint\/","title":{"rendered":"Kk L\u00e5da F\u00f6r 20 Plint"},"content":{"rendered":"<p>Robust l\u00e5da i f\u00f6rzinkad pl\u00e5t med lackerat vitt lock och f\u00e4rdigstansade kabelutg\u00e5ngar t\u00e4ckt med plastpluggar. M\u00e5tt 422x528x38mm. Passar Fatum-programmets alla modulplintar och \u00e4r f\u00f6rberedd f\u00f6r 20 moduler. Kompletteras med signeringskylt f\u00f6r v\u00e4gg 3132.01 (5015560), extra plugg 0905.18 (5015540) och v\u00e4ggdistanser 2590.04 (5015360) eller signeringsplint art.nr 3131.01 (5015386) f\u00f6r modulen\/erna f\u00f6r ordning och reda.<\/p>","protected":false},"excerpt":{"rendered":"<p>Robust l\u00e5da i f\u00f6rzinkad pl\u00e5t med lackerat vitt lock och f\u00e4rdigstansade kabelutg\u00e5ngar t\u00e4ckt med plastpluggar. M\u00e5tt 422x528x38mm. Passar Fatum-programmets alla<\/p>","protected":false},"featured_media":83429,"template":"","meta":{"_acf_changed":false},"product_brand":[],"product_cat":[470],"product_tag":[],"class_list":{"0":"post-31337","1":"product","2":"type-product","3":"status-publish","4":"has-post-thumbnail","6":"product_cat-plint-larm-telebox","7":"product_shipping_class-postnord-varubrev","8":"pa_brands-alarmtech","9":"tm-no-options","11":"first","12":"outofstock","13":"sale","14":"taxable","15":"shipping-taxable","16":"product-type-simple"},"acf":[],"_links":{"self":[{"href":"https:\/\/stonehouse.se\/en\/wp-json\/wp\/v2\/product\/31337","targetHints":{"allow":["GET"]}}],"collection":[{"href":"https:\/\/stonehouse.se\/en\/wp-json\/wp\/v2\/product"}],"about":[{"href":"https:\/\/stonehouse.se\/en\/wp-json\/wp\/v2\/types\/product"}],"wp:featuredmedia":[{"embeddable":true,"href":"https:\/\/stonehouse.se\/en\/wp-json\/wp\/v2\/media\/83429"}],"wp:attachment":[{"href":"https:\/\/stonehouse.se\/en\/wp-json\/wp\/v2\/media?parent=31337"}],"wp:term":[{"taxonomy":"product_brand","embeddable":true,"href":"https:\/\/stonehouse.se\/en\/wp-json\/wp\/v2\/product_brand?post=31337"},{"taxonomy":"product_cat","embeddable":true,"href":"https:\/\/stonehouse.se\/en\/wp-json\/wp\/v2\/product_cat?post=31337"},{"taxonomy":"product_tag","embeddable":true,"href":"https:\/\/stonehouse.se\/en\/wp-json\/wp\/v2\/product_tag?post=31337"}],"curies":[{"name":"wp","href":"https:\/\/api.w.org\/{rel}","templated":true}]}}