
{"id":31344,"date":"2022-06-29T12:59:00","date_gmt":"2022-06-29T10:59:00","guid":{"rendered":"https:\/\/stonehouse.se\/produkt\/bygl-plint-glaskrossdet-sl-sl\/"},"modified":"2026-04-08T16:48:05","modified_gmt":"2026-04-08T14:48:05","slug":"bygl-plint-glaskrossdet-sl-sl","status":"publish","type":"product","link":"https:\/\/stonehouse.se\/en\/product\/bygl-plint-glaskrossdet-sl-sl\/","title":{"rendered":"Byglings Plint Glaskrossdet Sl\/Sl"},"content":{"rendered":"<p>Komplett produkt med sabotageskydd, i Fatum Mini-l\u00e5da. Rekommenderas f\u00f6r exempelvis installation av GD475. Kopplingsdosan kan kompletteras med stapelbara v\u00e4ggdistanser i 6mm eller 13mm l\u00e5nga, se 2581.06 (Enr. 5015236) eller 2581.13 (Enr. 5015238) samt liten v\u00e4ggsigneringsskylt se 3132.01 (Enr. 5015560).<\/p>","protected":false},"excerpt":{"rendered":"<p>Larmbox &#8211; Larmdosa &#8211; Kopplingsdosa<\/p>","protected":false},"featured_media":83261,"template":"","meta":{"_acf_changed":false},"product_brand":[],"product_cat":[468],"product_tag":[1550],"class_list":{"0":"post-31344","1":"product","2":"type-product","3":"status-publish","4":"has-post-thumbnail","6":"product_cat-larmdosor","7":"product_tag-dosa-glaskross","8":"product_shipping_class-postnord-varubrev","9":"pa_brands-alarmtech","10":"pa_farg-vit","11":"tm-no-options","13":"first","14":"instock","15":"sale","16":"taxable","17":"shipping-taxable","18":"product-type-simple"},"acf":[],"_links":{"self":[{"href":"https:\/\/stonehouse.se\/en\/wp-json\/wp\/v2\/product\/31344","targetHints":{"allow":["GET"]}}],"collection":[{"href":"https:\/\/stonehouse.se\/en\/wp-json\/wp\/v2\/product"}],"about":[{"href":"https:\/\/stonehouse.se\/en\/wp-json\/wp\/v2\/types\/product"}],"wp:featuredmedia":[{"embeddable":true,"href":"https:\/\/stonehouse.se\/en\/wp-json\/wp\/v2\/media\/83261"}],"wp:attachment":[{"href":"https:\/\/stonehouse.se\/en\/wp-json\/wp\/v2\/media?parent=31344"}],"wp:term":[{"taxonomy":"product_brand","embeddable":true,"href":"https:\/\/stonehouse.se\/en\/wp-json\/wp\/v2\/product_brand?post=31344"},{"taxonomy":"product_cat","embeddable":true,"href":"https:\/\/stonehouse.se\/en\/wp-json\/wp\/v2\/product_cat?post=31344"},{"taxonomy":"product_tag","embeddable":true,"href":"https:\/\/stonehouse.se\/en\/wp-json\/wp\/v2\/product_tag?post=31344"}],"curies":[{"name":"wp","href":"https:\/\/api.w.org\/{rel}","templated":true}]}}