
{"id":31354,"date":"2022-06-29T12:55:43","date_gmt":"2022-06-29T10:55:43","guid":{"rendered":"https:\/\/stonehouse.se\/produkt\/larmbox-mini-24-pol-skruv\/"},"modified":"2026-04-08T16:55:55","modified_gmt":"2026-04-08T14:55:55","slug":"larmbox-mini-24-pol-skruv","status":"publish","type":"product","link":"https:\/\/stonehouse.se\/en\/product\/larmbox-mini-24-pol-skruv\/","title":{"rendered":"Kopplingsdosa &#8211; Anslutningsplint Mini 24 Pol Skruv"},"content":{"rendered":"<p>Skruvterminal med hissfunktion och f\u00f6r 0,14-1mm2 tr\u00e5d. Komplett produkt i en liten vit kopplingsdosa av UL94-V0 plast (flams\u00e4ker och halogenfri) i stabil godstjocklek. Kopplingsdosan kan kompletteras med stapelbara v\u00e4ggdistanser i 6mm eller 13mm l\u00e5nga, se 2581.06, Enr 5015236 eller 2581.13 Enr 5015238, samt liten v\u00e4ggsigneringsskylt se 3132.01 Enr 5015560.<\/p>","protected":false},"excerpt":{"rendered":"<p>Larmbox &#8211; Larmdosa &#8211; Kopplingsdosa<\/p>","protected":false},"featured_media":83268,"template":"","meta":{"_acf_changed":false},"product_brand":[],"product_cat":[468],"product_tag":[],"class_list":{"0":"post-31354","1":"product","2":"type-product","3":"status-publish","4":"has-post-thumbnail","6":"product_cat-larmdosor","7":"product_shipping_class-postnord-varubrev","8":"pa_brands-alarmtech","9":"pa_farg-vit","10":"tm-no-options","12":"first","13":"instock","14":"sale","15":"taxable","16":"shipping-taxable","17":"product-type-simple"},"acf":[],"_links":{"self":[{"href":"https:\/\/stonehouse.se\/en\/wp-json\/wp\/v2\/product\/31354","targetHints":{"allow":["GET"]}}],"collection":[{"href":"https:\/\/stonehouse.se\/en\/wp-json\/wp\/v2\/product"}],"about":[{"href":"https:\/\/stonehouse.se\/en\/wp-json\/wp\/v2\/types\/product"}],"wp:featuredmedia":[{"embeddable":true,"href":"https:\/\/stonehouse.se\/en\/wp-json\/wp\/v2\/media\/83268"}],"wp:attachment":[{"href":"https:\/\/stonehouse.se\/en\/wp-json\/wp\/v2\/media?parent=31354"}],"wp:term":[{"taxonomy":"product_brand","embeddable":true,"href":"https:\/\/stonehouse.se\/en\/wp-json\/wp\/v2\/product_brand?post=31354"},{"taxonomy":"product_cat","embeddable":true,"href":"https:\/\/stonehouse.se\/en\/wp-json\/wp\/v2\/product_cat?post=31354"},{"taxonomy":"product_tag","embeddable":true,"href":"https:\/\/stonehouse.se\/en\/wp-json\/wp\/v2\/product_tag?post=31354"}],"curies":[{"name":"wp","href":"https:\/\/api.w.org\/{rel}","templated":true}]}}