
{"id":31356,"date":"2022-06-29T12:55:28","date_gmt":"2022-06-29T10:55:28","guid":{"rendered":"https:\/\/stonehouse.se\/produkt\/karmoverforing-28401-250cm\/"},"modified":"2026-04-08T17:01:32","modified_gmt":"2026-04-08T15:01:32","slug":"karmoverforing-28401-250cm","status":"publish","type":"product","link":"https:\/\/stonehouse.se\/en\/product\/karmoverforing-28401-250cm\/","title":{"rendered":"Karm\u00f6verf\u00f6ring 28401-250Cm"},"content":{"rendered":"<p>Dosor i Mini-format (28401.03) med RJ45 anslutning respektive10 skruvanslutningar, varav tv\u00e5 f\u00f6r sabotagekontakt\/\u00f6ppningsskydd. Spiralkabel i l\u00e4ngden 2500mm, vilket motsvarar rekommenderad utdragen l\u00e4ngd. I vilol\u00e4ge \u00e4r spiralkabeln ca 750mm. 8 f\u00e4rgade tr\u00e5dar<\/p>","protected":false},"excerpt":{"rendered":"<p>Dosor i Mini-format (28401.03) med RJ45 anslutning respektive10 skruvanslutningar, varav tv\u00e5 f\u00f6r sabotagekontakt\/\u00f6ppningsskydd. Spiralkabel i l\u00e4ngden 2500mm, vilket motsvarar rekommenderad<\/p>","protected":false},"featured_media":93482,"template":"","meta":{"_acf_changed":false},"product_brand":[],"product_cat":[469],"product_tag":[],"class_list":{"0":"post-31356","1":"product","2":"type-product","3":"status-publish","4":"has-post-thumbnail","6":"product_cat-kabeloverforing","7":"product_shipping_class-postnord-varubrev","8":"tm-no-options","10":"first","11":"instock","12":"sale","13":"taxable","14":"shipping-taxable","15":"product-type-simple"},"acf":[],"_links":{"self":[{"href":"https:\/\/stonehouse.se\/en\/wp-json\/wp\/v2\/product\/31356","targetHints":{"allow":["GET"]}}],"collection":[{"href":"https:\/\/stonehouse.se\/en\/wp-json\/wp\/v2\/product"}],"about":[{"href":"https:\/\/stonehouse.se\/en\/wp-json\/wp\/v2\/types\/product"}],"wp:featuredmedia":[{"embeddable":true,"href":"https:\/\/stonehouse.se\/en\/wp-json\/wp\/v2\/media\/93482"}],"wp:attachment":[{"href":"https:\/\/stonehouse.se\/en\/wp-json\/wp\/v2\/media?parent=31356"}],"wp:term":[{"taxonomy":"product_brand","embeddable":true,"href":"https:\/\/stonehouse.se\/en\/wp-json\/wp\/v2\/product_brand?post=31356"},{"taxonomy":"product_cat","embeddable":true,"href":"https:\/\/stonehouse.se\/en\/wp-json\/wp\/v2\/product_cat?post=31356"},{"taxonomy":"product_tag","embeddable":true,"href":"https:\/\/stonehouse.se\/en\/wp-json\/wp\/v2\/product_tag?post=31356"}],"curies":[{"name":"wp","href":"https:\/\/api.w.org\/{rel}","templated":true}]}}