
{"id":31357,"date":"2022-06-29T12:55:13","date_gmt":"2022-06-29T10:55:13","guid":{"rendered":"https:\/\/stonehouse.se\/produkt\/larmbox-mini-10-pol-skruv\/"},"modified":"2026-04-08T16:51:21","modified_gmt":"2026-04-08T14:51:21","slug":"larmbox-mini-10-pol-skruv","status":"publish","type":"product","link":"https:\/\/stonehouse.se\/en\/product\/larmbox-mini-10-pol-skruv\/","title":{"rendered":"Kopplingsdosa &#8211; Anslutningsplint Mini 10 Pol Skruv"},"content":{"rendered":"<p>Skruvterminal med hissfunktion och f\u00f6r 0,14-1mm2 tr\u00e5d. Komplett produkt i en liten vit l\u00e5da av UL94-V0 plast (flams\u00e4ker och halogenfri) i stabil godstjocklek. Kopplingsdosan kan kompletteras med stapelbara v\u00e4ggdistanser i 6mm eller 13mm l\u00e5nga, se 2581.06, Enr 5015236 eller 2581.13 Enr 5015238, samt liten v\u00e4ggsigneringsskylt se 3132.01 Enr 5015560.<\/p>","protected":false},"excerpt":{"rendered":"<p>Larmbox &#8211; Larmdosa &#8211; Kopplingsdosa<\/p>","protected":false},"featured_media":83444,"template":"","meta":{"_acf_changed":false},"product_brand":[],"product_cat":[468],"product_tag":[1551],"class_list":{"0":"post-31357","1":"product","2":"type-product","3":"status-publish","4":"has-post-thumbnail","6":"product_cat-larmdosor","7":"product_tag-dosa-10-polig","8":"product_shipping_class-postnord-varubrev","9":"pa_brands-alarmtech","10":"pa_farg-vit","11":"tm-no-options","13":"first","14":"instock","15":"sale","16":"taxable","17":"shipping-taxable","18":"product-type-simple"},"acf":[],"_links":{"self":[{"href":"https:\/\/stonehouse.se\/en\/wp-json\/wp\/v2\/product\/31357","targetHints":{"allow":["GET"]}}],"collection":[{"href":"https:\/\/stonehouse.se\/en\/wp-json\/wp\/v2\/product"}],"about":[{"href":"https:\/\/stonehouse.se\/en\/wp-json\/wp\/v2\/types\/product"}],"wp:featuredmedia":[{"embeddable":true,"href":"https:\/\/stonehouse.se\/en\/wp-json\/wp\/v2\/media\/83444"}],"wp:attachment":[{"href":"https:\/\/stonehouse.se\/en\/wp-json\/wp\/v2\/media?parent=31357"}],"wp:term":[{"taxonomy":"product_brand","embeddable":true,"href":"https:\/\/stonehouse.se\/en\/wp-json\/wp\/v2\/product_brand?post=31357"},{"taxonomy":"product_cat","embeddable":true,"href":"https:\/\/stonehouse.se\/en\/wp-json\/wp\/v2\/product_cat?post=31357"},{"taxonomy":"product_tag","embeddable":true,"href":"https:\/\/stonehouse.se\/en\/wp-json\/wp\/v2\/product_tag?post=31357"}],"curies":[{"name":"wp","href":"https:\/\/api.w.org\/{rel}","templated":true}]}}