
{"id":31358,"date":"2022-06-29T12:54:40","date_gmt":"2022-06-29T10:54:40","guid":{"rendered":"https:\/\/stonehouse.se\/produkt\/kopplingsbox-plat-3-plint\/"},"modified":"2026-04-08T16:36:26","modified_gmt":"2026-04-08T14:36:26","slug":"kopplingsbox-plat-3-plint","status":"publish","type":"product","link":"https:\/\/stonehouse.se\/en\/product\/kopplingsbox-plat-3-plint\/","title":{"rendered":"Kopplingsbox Pl\u00e5t 3 Plint"},"content":{"rendered":"<p>Robust l\u00e5da i f\u00f6rzinkad pl\u00e5t med lackerat vitt lock och f\u00e4rdigstansade kabelutg\u00e5ngar t\u00e4ckt med plastpluggar. M\u00e5tt 128x167x38mm. Passar Fatum-programmets alla modulplintar och \u00e4r f\u00f6rberedd f\u00f6r 3 moduler. L\u00e5dan finns \u00e4ven i samma storlek men med signerings\u00f6ppning, se 3203.03 (5015259). Kompletteras med signerings skylt f\u00f6r v\u00e4gg artikelnummer 3132.01 (5015560), extra plugg 0905.18 (5015540) och v\u00e4ggdistanser 2590.04 (5015360)<\/p>","protected":false},"excerpt":{"rendered":"<p>Robust l\u00e5da i f\u00f6rzinkad pl\u00e5t med lackerat vitt lock och f\u00e4rdigstansade kabelutg\u00e5ngar t\u00e4ckt med plastpluggar. M\u00e5tt 128x167x38mm. Passar Fatum-programmets alla<\/p>","protected":false},"featured_media":83275,"template":"","meta":{"_acf_changed":false},"product_brand":[],"product_cat":[470],"product_tag":[1542],"class_list":{"0":"post-31358","1":"product","2":"type-product","3":"status-publish","4":"has-post-thumbnail","6":"product_cat-plint-larm-telebox","7":"product_tag-box-plat","8":"product_shipping_class-postnord-varubrev","9":"pa_brands-alarmtech","10":"tm-no-options","12":"first","13":"instock","14":"sale","15":"taxable","16":"shipping-taxable","17":"product-type-simple"},"acf":[],"_links":{"self":[{"href":"https:\/\/stonehouse.se\/en\/wp-json\/wp\/v2\/product\/31358","targetHints":{"allow":["GET"]}}],"collection":[{"href":"https:\/\/stonehouse.se\/en\/wp-json\/wp\/v2\/product"}],"about":[{"href":"https:\/\/stonehouse.se\/en\/wp-json\/wp\/v2\/types\/product"}],"wp:featuredmedia":[{"embeddable":true,"href":"https:\/\/stonehouse.se\/en\/wp-json\/wp\/v2\/media\/83275"}],"wp:attachment":[{"href":"https:\/\/stonehouse.se\/en\/wp-json\/wp\/v2\/media?parent=31358"}],"wp:term":[{"taxonomy":"product_brand","embeddable":true,"href":"https:\/\/stonehouse.se\/en\/wp-json\/wp\/v2\/product_brand?post=31358"},{"taxonomy":"product_cat","embeddable":true,"href":"https:\/\/stonehouse.se\/en\/wp-json\/wp\/v2\/product_cat?post=31358"},{"taxonomy":"product_tag","embeddable":true,"href":"https:\/\/stonehouse.se\/en\/wp-json\/wp\/v2\/product_tag?post=31358"}],"curies":[{"name":"wp","href":"https:\/\/api.w.org\/{rel}","templated":true}]}}