
{"id":31359,"date":"2022-06-29T12:54:32","date_gmt":"2022-06-29T10:54:32","guid":{"rendered":"https:\/\/stonehouse.se\/produkt\/kopplingsbox-plat-10-plin\/"},"modified":"2026-04-08T16:32:28","modified_gmt":"2026-04-08T14:32:28","slug":"kopplingsbox-plat-10-plin","status":"publish","type":"product","link":"https:\/\/stonehouse.se\/en\/product\/kopplingsbox-plat-10-plin\/","title":{"rendered":"Kopplingsbox Pl\u00e5t 10 Plin"},"content":{"rendered":"<p>Robust l\u00e5da i f\u00f6rzinkad pl\u00e5t med lackerat vitt lock och f\u00e4rdigstansade kabelutg\u00e5ngar t\u00e4ckt med plastpluggar. M\u00e5tt 128x488x38mm. Passar Fatum-programmets alla modulplintar och \u00e4r f\u00f6rberedd f\u00f6r 10 moduler. L\u00e5dan finns \u00e4ven i samma storlek men med signerings\u00f6ppning, se 3210.03 (5015267). Kompletteras med signerings skylt f\u00f6r v\u00e4gg artikelnummer 3132.01 (5015560), extra plugg 0905.18 (5015540) och v\u00e4ggdistanser 2590.04 (5015360)<\/p>","protected":false},"excerpt":{"rendered":"<p>Robust l\u00e5da i f\u00f6rzinkad pl\u00e5t med lackerat vitt lock och f\u00e4rdigstansade kabelutg\u00e5ngar t\u00e4ckt med plastpluggar. M\u00e5tt 128x488x38mm. Passar Fatum-programmets alla<\/p>","protected":false},"featured_media":83452,"template":"","meta":{"_acf_changed":false},"product_brand":[],"product_cat":[470],"product_tag":[1542],"class_list":{"0":"post-31359","1":"product","2":"type-product","3":"status-publish","4":"has-post-thumbnail","6":"product_cat-plint-larm-telebox","7":"product_tag-box-plat","8":"product_shipping_class-postnord-varubrev","9":"pa_brands-alarmtech","10":"tm-no-options","12":"first","13":"instock","14":"sale","15":"taxable","16":"shipping-taxable","17":"product-type-simple"},"acf":[],"_links":{"self":[{"href":"https:\/\/stonehouse.se\/en\/wp-json\/wp\/v2\/product\/31359","targetHints":{"allow":["GET"]}}],"collection":[{"href":"https:\/\/stonehouse.se\/en\/wp-json\/wp\/v2\/product"}],"about":[{"href":"https:\/\/stonehouse.se\/en\/wp-json\/wp\/v2\/types\/product"}],"wp:featuredmedia":[{"embeddable":true,"href":"https:\/\/stonehouse.se\/en\/wp-json\/wp\/v2\/media\/83452"}],"wp:attachment":[{"href":"https:\/\/stonehouse.se\/en\/wp-json\/wp\/v2\/media?parent=31359"}],"wp:term":[{"taxonomy":"product_brand","embeddable":true,"href":"https:\/\/stonehouse.se\/en\/wp-json\/wp\/v2\/product_brand?post=31359"},{"taxonomy":"product_cat","embeddable":true,"href":"https:\/\/stonehouse.se\/en\/wp-json\/wp\/v2\/product_cat?post=31359"},{"taxonomy":"product_tag","embeddable":true,"href":"https:\/\/stonehouse.se\/en\/wp-json\/wp\/v2\/product_tag?post=31359"}],"curies":[{"name":"wp","href":"https:\/\/api.w.org\/{rel}","templated":true}]}}