
{"id":31362,"date":"2022-06-29T12:53:25","date_gmt":"2022-06-29T10:53:25","guid":{"rendered":"https:\/\/stonehouse.se\/produkt\/larmbox-12pol-apparatdosa\/"},"modified":"2026-04-08T16:35:09","modified_gmt":"2026-04-08T14:35:09","slug":"larmbox-12pol-apparatdosa","status":"publish","type":"product","link":"https:\/\/stonehouse.se\/en\/product\/larmbox-12pol-apparatdosa\/","title":{"rendered":"Kopplingsdosa &#8211; Anslutningsplint 12Pol Apparatdosa"},"content":{"rendered":"<p>Anslutningsplint f\u00f6r montering inf\u00e4lld i apparatdosa med 60mm h\u00e5lavst\u00e5nd. \u00c4r anpassad f\u00f6r att enkelt ansluta kringutrustning s\u00e5som magnetkontakter och glaskrossdetektorer mm. Finns \u00e4ven som utanp\u00e5liggande mini dosa, se 28112.03 (Enr 5015214). Levereras med ett kvadratiskt t\u00e4cklock 86 x 86 mm i vit UL94-V0 plast.<\/p>","protected":false},"excerpt":{"rendered":"<p>Larmbox &#8211; Larmdosa &#8211; Kopplingsdosa<\/p>","protected":false},"featured_media":83284,"template":"","meta":{"_acf_changed":false},"product_brand":[],"product_cat":[468],"product_tag":[1551,1554],"class_list":{"0":"post-31362","1":"product","2":"type-product","3":"status-publish","4":"has-post-thumbnail","6":"product_cat-larmdosor","7":"product_tag-dosa-10-polig","8":"product_tag-dosa-for-kopplingsdosa-k-dosa","9":"product_shipping_class-postnord-varubrev","10":"pa_brands-alarmtech","11":"pa_farg-vit","12":"tm-no-options","14":"first","15":"instock","16":"sale","17":"taxable","18":"shipping-taxable","19":"product-type-simple"},"acf":[],"_links":{"self":[{"href":"https:\/\/stonehouse.se\/en\/wp-json\/wp\/v2\/product\/31362","targetHints":{"allow":["GET"]}}],"collection":[{"href":"https:\/\/stonehouse.se\/en\/wp-json\/wp\/v2\/product"}],"about":[{"href":"https:\/\/stonehouse.se\/en\/wp-json\/wp\/v2\/types\/product"}],"wp:featuredmedia":[{"embeddable":true,"href":"https:\/\/stonehouse.se\/en\/wp-json\/wp\/v2\/media\/83284"}],"wp:attachment":[{"href":"https:\/\/stonehouse.se\/en\/wp-json\/wp\/v2\/media?parent=31362"}],"wp:term":[{"taxonomy":"product_brand","embeddable":true,"href":"https:\/\/stonehouse.se\/en\/wp-json\/wp\/v2\/product_brand?post=31362"},{"taxonomy":"product_cat","embeddable":true,"href":"https:\/\/stonehouse.se\/en\/wp-json\/wp\/v2\/product_cat?post=31362"},{"taxonomy":"product_tag","embeddable":true,"href":"https:\/\/stonehouse.se\/en\/wp-json\/wp\/v2\/product_tag?post=31362"}],"curies":[{"name":"wp","href":"https:\/\/api.w.org\/{rel}","templated":true}]}}