
{"id":31368,"date":"2022-06-29T12:50:58","date_gmt":"2022-06-29T10:50:58","guid":{"rendered":"https:\/\/stonehouse.se\/produkt\/karmoverforing-14mm-rostfri\/"},"modified":"2026-04-08T16:49:15","modified_gmt":"2026-04-08T14:49:15","slug":"karmoverforing-14mm-rostfri","status":"publish","type":"product","link":"https:\/\/stonehouse.se\/en\/product\/karmoverforing-14mm-rostfri\/","title":{"rendered":"Karm\u00f6verf\u00f6ring 14Mm Rostfri"},"content":{"rendered":"<p>Karm\u00f6verf\u00f6ring med rostfri slang med kabelskydd i b\u00e5da \u00e4ndarna f\u00f6r skydd av kabeln vid \u00f6verg\u00e5ng fr\u00e5n d\u00f6rr till karm. 40 cm l\u00e5ng, ytterdiameter 14 mm, innerdiameter 10,5 mm. Max kabeldiameter 8,8 mm. V\u00e4ggf\u00e4stena m\u00e4ter 36x36x17,7mm med rillar som l\u00e5ser slangen f\u00f6r s\u00e4ker montering. V\u00e4ggf\u00e4ste i silver och rostfri slang. V\u00e4ggf\u00e4ste finns \u00e4ven l\u00f6sa, DL H14 (silver). Andra f\u00e4rger (vit och brun) kan specialbest\u00e4llas.<\/p>","protected":false},"excerpt":{"rendered":"<p>Karm\u00f6verf\u00f6ring med rostfri slang med kabelskydd i b\u00e5da \u00e4ndarna f\u00f6r skydd av kabeln vid \u00f6verg\u00e5ng fr\u00e5n d\u00f6rr till karm. 40<\/p>","protected":false},"featured_media":83070,"template":"","meta":{"_acf_changed":false},"product_brand":[],"product_cat":[469],"product_tag":[],"class_list":{"0":"post-31368","1":"product","2":"type-product","3":"status-publish","4":"has-post-thumbnail","6":"product_cat-kabeloverforing","7":"product_shipping_class-postnord-varubrev","8":"tm-no-options","10":"first","11":"instock","12":"sale","13":"taxable","14":"shipping-taxable","15":"product-type-simple"},"acf":[],"_links":{"self":[{"href":"https:\/\/stonehouse.se\/en\/wp-json\/wp\/v2\/product\/31368","targetHints":{"allow":["GET"]}}],"collection":[{"href":"https:\/\/stonehouse.se\/en\/wp-json\/wp\/v2\/product"}],"about":[{"href":"https:\/\/stonehouse.se\/en\/wp-json\/wp\/v2\/types\/product"}],"wp:featuredmedia":[{"embeddable":true,"href":"https:\/\/stonehouse.se\/en\/wp-json\/wp\/v2\/media\/83070"}],"wp:attachment":[{"href":"https:\/\/stonehouse.se\/en\/wp-json\/wp\/v2\/media?parent=31368"}],"wp:term":[{"taxonomy":"product_brand","embeddable":true,"href":"https:\/\/stonehouse.se\/en\/wp-json\/wp\/v2\/product_brand?post=31368"},{"taxonomy":"product_cat","embeddable":true,"href":"https:\/\/stonehouse.se\/en\/wp-json\/wp\/v2\/product_cat?post=31368"},{"taxonomy":"product_tag","embeddable":true,"href":"https:\/\/stonehouse.se\/en\/wp-json\/wp\/v2\/product_tag?post=31368"}],"curies":[{"name":"wp","href":"https:\/\/api.w.org\/{rel}","templated":true}]}}