
{"id":31372,"date":"2022-06-29T12:49:53","date_gmt":"2022-06-29T10:49:53","guid":{"rendered":"https:\/\/stonehouse.se\/produkt\/ir-detektor-20m-ve1120am\/"},"modified":"2026-04-01T17:04:02","modified_gmt":"2026-04-01T15:04:02","slug":"ir-detektor-20m-ve1120am","status":"publish","type":"product","link":"https:\/\/stonehouse.se\/en\/product\/ir-detektor-20m-ve1120am\/","title":{"rendered":"UTC Aritech Ve1120Am  Antimask &#8211; 20 meter 85 grader"},"content":{"rendered":"<h1>Ir-Detektor 20M Ve1120Am Antimask &#8211; 20 meter 85 grader<\/h1>\n<p data-start=\"321\" data-end=\"1547\">Ir-Detektor 20M VE1120AM \u00e4r en avancerad r\u00f6relsedetektor som anv\u00e4nder VE-teknologi och erbjuder antimaskningsskydd f\u00f6r h\u00f6g s\u00e4kerhet.<\/p>\n<p data-start=\"321\" data-end=\"1547\">Med en r\u00e4ckvidd p\u00e5 20 meter och ett synf\u00e4lt p\u00e5 85 grader, \u00e4r denna detektor designad f\u00f6r att ge exakt och p\u00e5litlig detektering i olika milj\u00f6er.<br data-start=\"627\" data-end=\"630\" \/>Den unika optiska spegeltekniken i VE1000-serien har ett steg- och glidande fokus med hela rid\u00e5er, vilket g\u00f6r att sensorn aldrig f\u00f6rlorar objektet ur siktet.<\/p>\n<p data-start=\"321\" data-end=\"1547\">F\u00f6r att f\u00f6rst\u00e4rka detekteringsomr\u00e5det anv\u00e4nder den 3Brid r\u00e4tvinklig rid\u00e5design som s\u00e4kerst\u00e4ller att infrar\u00f6d str\u00e5lning uppt\u00e4cks effektivt utan att f\u00f6rs\u00e4mra signalstyrkan.<br data-start=\"958\" data-end=\"961\" \/>Detektorn \u00e4r ocks\u00e5 utrustad med ett patenterat Vektorpyroelement, vilket g\u00f6r det m\u00f6jligt att inte bara uppt\u00e4cka n\u00e4rvaron av ett objekt utan ocks\u00e5 best\u00e4mma dess riktning.<\/p>\n<p data-start=\"321\" data-end=\"1547\">Den avancerade PIR-teknologin och den flerdimensionella signalen ger en mycket h\u00f6g detekteringskapacitet.<br data-start=\"1236\" data-end=\"1239\" \/>F\u00f6r att skydda mot sabotage och \u00f6vert\u00e4ckning, erbjuder VE1120AM optisk antimaskning, vilket g\u00f6r den s\u00e4rskilt s\u00e4ker i h\u00f6gs\u00e4kerhetsapplikationer.<\/p>\n<p data-start=\"321\" data-end=\"1547\">Denna detektor uppfyller larmklasskrav f\u00f6r EN50131-2-2 Grade 3 och SBSC larmklass 3, vilket g\u00f6r den idealisk f\u00f6r anv\u00e4ndning i kommersiella och industriella milj\u00f6er.<\/p>\n<p data-start=\"1549\" data-end=\"1579\"><strong data-start=\"1549\" data-end=\"1577\">Funktioner och f\u00f6rdelar:<\/strong><\/p>\n<ul data-start=\"1580\" data-end=\"1992\">\n<li data-start=\"1580\" data-end=\"1623\">\n<p data-start=\"1582\" data-end=\"1623\">20 meter r\u00e4ckvidd och 85 grader synf\u00e4lt<\/p>\n<\/li>\n<li data-start=\"1624\" data-end=\"1682\">\n<p data-start=\"1626\" data-end=\"1682\">Avancerad spegelteknik med 3Brid r\u00e4tvinklig rid\u00e5design<\/p>\n<\/li>\n<li data-start=\"1683\" data-end=\"1746\">\n<p data-start=\"1685\" data-end=\"1746\">Patenterat Vektorpyroelement f\u00f6r flerdimensionell detektion<\/p>\n<\/li>\n<li data-start=\"1747\" data-end=\"1808\">\n<p data-start=\"1749\" data-end=\"1808\">Optisk antimaskning skyddar mot sabotage och \u00f6vert\u00e4ckning<\/p>\n<\/li>\n<li data-start=\"1809\" data-end=\"1862\">\n<p data-start=\"1811\" data-end=\"1862\">Uppl\u00f6sning av b\u00e5de n\u00e4rvaro och riktning p\u00e5 objekt<\/p>\n<\/li>\n<li data-start=\"1863\" data-end=\"1931\">\n<p data-start=\"1865\" data-end=\"1931\">Uppfyller larmklasskrav EN50131-2-2 Grade 3 och SBSC larmklass 3<\/p>\n<\/li>\n<li data-start=\"1932\" data-end=\"1992\">\n<p data-start=\"1934\" data-end=\"1992\">L\u00e5g str\u00f6mf\u00f6rbrukning (11 mA) och sp\u00e4nningsmatning 9-15 VDC<\/p>\n<\/li>\n<\/ul>\n<p data-start=\"1994\" data-end=\"2025\"><strong data-start=\"1994\" data-end=\"2023\">Tekniska specifikationer:<\/strong><\/p>\n<ul data-start=\"2026\" data-end=\"2314\">\n<li data-start=\"2026\" data-end=\"2048\">\n<p data-start=\"2028\" data-end=\"2048\">T\u00e4ckning: 20 meter<\/p>\n<\/li>\n<li data-start=\"2049\" data-end=\"2071\">\n<p data-start=\"2051\" data-end=\"2071\">Synf\u00e4lt: 85 grader<\/p>\n<\/li>\n<li data-start=\"2072\" data-end=\"2104\">\n<p data-start=\"2074\" data-end=\"2104\">Sp\u00e4nningsmatning: 9 &#8211; 15 VDC<\/p>\n<\/li>\n<li data-start=\"2105\" data-end=\"2132\">\n<p data-start=\"2107\" data-end=\"2132\">Str\u00f6mf\u00f6rbrukning: 11 mA<\/p>\n<\/li>\n<li data-start=\"2133\" data-end=\"2156\">\n<p data-start=\"2135\" data-end=\"2156\">Optisk antimaskning<\/p>\n<\/li>\n<li data-start=\"2157\" data-end=\"2220\">\n<p data-start=\"2159\" data-end=\"2220\">Patenterat Vektorpyroelement f\u00f6r flerdimensionell detektion<\/p>\n<\/li>\n<li data-start=\"2221\" data-end=\"2261\">\n<p data-start=\"2223\" data-end=\"2261\">M\u00e5tt: Standardm\u00e5tt f\u00f6r IR-detektorer<\/p>\n<\/li>\n<li data-start=\"2262\" data-end=\"2314\">\n<p data-start=\"2264\" data-end=\"2314\">Larmklass: EN50131-2-2 Grade 3, SBSC larmklass 3<\/p>\n<\/li>\n<\/ul>","protected":false},"excerpt":{"rendered":"<p>IR-detektor med 20 meter r\u00e4ckvidd och 85 grader synf\u00e4lt.<\/p>\n<p>Antimaskningsteknik och avancerad spegeloptik f\u00f6r exakt detektion. 9-15 VDC matning och 11 mA str\u00f6mf\u00f6rbrukning.<\/p>","protected":false},"featured_media":83127,"template":"","meta":{"_acf_changed":false},"product_brand":[],"product_cat":[2615],"product_tag":[1459,1846],"class_list":{"0":"post-31372","1":"product","2":"type-product","3":"status-publish","4":"has-post-thumbnail","6":"product_cat-rorelse-detektorer","7":"product_tag-rorelsedetektor-ir-detektorer","8":"product_tag-sbsc-larmklass3","9":"product_shipping_class-tunga-paket","10":"pa_brands-aritech","11":"tm-no-options","13":"first","14":"instock","15":"sale","16":"taxable","17":"shipping-taxable","18":"product-type-simple"},"acf":[],"_links":{"self":[{"href":"https:\/\/stonehouse.se\/en\/wp-json\/wp\/v2\/product\/31372","targetHints":{"allow":["GET"]}}],"collection":[{"href":"https:\/\/stonehouse.se\/en\/wp-json\/wp\/v2\/product"}],"about":[{"href":"https:\/\/stonehouse.se\/en\/wp-json\/wp\/v2\/types\/product"}],"wp:featuredmedia":[{"embeddable":true,"href":"https:\/\/stonehouse.se\/en\/wp-json\/wp\/v2\/media\/83127"}],"wp:attachment":[{"href":"https:\/\/stonehouse.se\/en\/wp-json\/wp\/v2\/media?parent=31372"}],"wp:term":[{"taxonomy":"product_brand","embeddable":true,"href":"https:\/\/stonehouse.se\/en\/wp-json\/wp\/v2\/product_brand?post=31372"},{"taxonomy":"product_cat","embeddable":true,"href":"https:\/\/stonehouse.se\/en\/wp-json\/wp\/v2\/product_cat?post=31372"},{"taxonomy":"product_tag","embeddable":true,"href":"https:\/\/stonehouse.se\/en\/wp-json\/wp\/v2\/product_tag?post=31372"}],"curies":[{"name":"wp","href":"https:\/\/api.w.org\/{rel}","templated":true}]}}