
{"id":31379,"date":"2022-06-29T12:48:22","date_gmt":"2022-06-29T10:48:22","guid":{"rendered":"https:\/\/stonehouse.se\/produkt\/ir-detektor-20m-ve1120\/"},"modified":"2026-04-08T16:50:50","modified_gmt":"2026-04-08T14:50:50","slug":"ir-detektor-20m-ve1120","status":"publish","type":"product","link":"https:\/\/stonehouse.se\/en\/product\/ir-detektor-20m-ve1120\/","title":{"rendered":"Ir-Detektor Ve1120 &#8211; 20 meter 86 grader"},"content":{"rendered":"<h1>Ir-Detektor Ve1120 &#8211; 20 meter 86 grader<\/h1>\n<p data-start=\"303\" data-end=\"1523\">Ir-Detektor VE1120 \u00e4r en avancerad PIR-detektor som erbjuder 20 meter r\u00e4ckvidd och ett synf\u00e4lt p\u00e5 86 grader.<\/p>\n<p data-start=\"303\" data-end=\"1523\">Med sin unika optiska spegelteknik, som inkluderar ett steg- och glidande fokus med hela rid\u00e5er, s\u00e4kerst\u00e4ller den att objekt inte f\u00f6rloras ur siktet.<\/p>\n<p data-start=\"303\" data-end=\"1523\">F\u00f6r att ytterligare f\u00f6rb\u00e4ttra detekteringsomr\u00e5det anv\u00e4nder den 3Brid r\u00e4tvinklig rid\u00e5design, en horisontell spegelstruktur som skapar vertikala rid\u00e5er f\u00f6r effektiv detektering av infrar\u00f6d str\u00e5lning utan att \u00f6ka storleken p\u00e5 detektorn eller minska signalstyrkan.<br data-start=\"852\" data-end=\"855\" \/>Detektorn \u00e4r \u00e4ven utrustad med ett patenterat Vektorpyroelement, som g\u00f6r det m\u00f6jligt att inte bara uppt\u00e4cka n\u00e4rvaron av ett v\u00e4rmeobjekt utan ocks\u00e5 best\u00e4mma dess riktning.<\/p>\n<p data-start=\"303\" data-end=\"1523\">Detta ger en \u00f6verl\u00e4gsen detekteringskapacitet genom en kombination av optik och den flerdimensionella signalen fr\u00e5n pyroelementet.<br data-start=\"1156\" data-end=\"1159\" \/>VE1120 \u00e4r enkel att installera och tolererar oj\u00e4mna v\u00e4ggar och olika monteringsh\u00f6jder utan att f\u00f6rlora t\u00e4ckning.<\/p>\n<p data-start=\"303\" data-end=\"1523\">Den kr\u00e4ver ingen manuell inst\u00e4llning av avst\u00e5ndet, eftersom den har sj\u00e4lvjusterande avst\u00e5ndsbed\u00f6mning och jackbar elektronik.<\/p>\n<p data-start=\"303\" data-end=\"1523\">Med en sp\u00e4nningsmatning p\u00e5 9-15 VDC och en l\u00e5g str\u00f6mf\u00f6rbrukning p\u00e5 6,5 mA \u00e4r denna detektor b\u00e5de energieffektiv och p\u00e5litlig.<\/p>\n<p data-start=\"1525\" data-end=\"1555\"><strong data-start=\"1525\" data-end=\"1553\">Funktioner och f\u00f6rdelar:<\/strong><\/p>\n<ul data-start=\"1556\" data-end=\"2013\">\n<li data-start=\"1556\" data-end=\"1626\">\n<p data-start=\"1558\" data-end=\"1626\">20 meter r\u00e4ckvidd och 86 grader synf\u00e4lt f\u00f6r omfattande detektering<\/p>\n<\/li>\n<li data-start=\"1627\" data-end=\"1709\">\n<p data-start=\"1629\" data-end=\"1709\">Avancerad spegeloptik med 3Brid r\u00e4tvinklig rid\u00e5design f\u00f6r f\u00f6rb\u00e4ttrad detektion<\/p>\n<\/li>\n<li data-start=\"1710\" data-end=\"1786\">\n<p data-start=\"1712\" data-end=\"1786\">Patenterat Vektorpyroelement f\u00f6r flerdimensionell detektion och riktning<\/p>\n<\/li>\n<li data-start=\"1787\" data-end=\"1867\">\n<p data-start=\"1789\" data-end=\"1867\">Installationsv\u00e4nlig: tolererar oj\u00e4mna v\u00e4ggar och varierande monteringsh\u00f6jder<\/p>\n<\/li>\n<li data-start=\"1868\" data-end=\"1951\">\n<p data-start=\"1870\" data-end=\"1951\">Sj\u00e4lvjusterande avst\u00e5ndsbed\u00f6mning och jackbar elektronik f\u00f6r enkel installation<\/p>\n<\/li>\n<li data-start=\"1952\" data-end=\"2013\">\n<p data-start=\"1954\" data-end=\"2013\">L\u00e5g str\u00f6mf\u00f6rbrukning (6,5 mA) och sp\u00e4nningsmatning 9-15 VDC<\/p>\n<\/li>\n<\/ul>\n<p data-start=\"2015\" data-end=\"2046\"><strong data-start=\"2015\" data-end=\"2044\">Tekniska specifikationer:<\/strong><\/p>\n<ul data-start=\"2047\" data-end=\"2376\">\n<li data-start=\"2047\" data-end=\"2069\">\n<p data-start=\"2049\" data-end=\"2069\">T\u00e4ckning: 20 meter<\/p>\n<\/li>\n<li data-start=\"2070\" data-end=\"2092\">\n<p data-start=\"2072\" data-end=\"2092\">Synf\u00e4lt: 86 grader<\/p>\n<\/li>\n<li data-start=\"2093\" data-end=\"2125\">\n<p data-start=\"2095\" data-end=\"2125\">Sp\u00e4nningsmatning: 9 &#8211; 15 VDC<\/p>\n<\/li>\n<li data-start=\"2126\" data-end=\"2154\">\n<p data-start=\"2128\" data-end=\"2154\">Str\u00f6mf\u00f6rbrukning: 6,5 mA<\/p>\n<\/li>\n<li data-start=\"2155\" data-end=\"2220\">\n<p data-start=\"2157\" data-end=\"2220\">Vektorpyroelement f\u00f6r flerdimensionell detektion och riktning<\/p>\n<\/li>\n<li data-start=\"2221\" data-end=\"2273\">\n<p data-start=\"2223\" data-end=\"2273\">3Brid rid\u00e5design f\u00f6r effektiv infrar\u00f6d detektion<\/p>\n<\/li>\n<li data-start=\"2274\" data-end=\"2334\">\n<p data-start=\"2276\" data-end=\"2334\">Sj\u00e4lvjusterande avst\u00e5ndsbed\u00f6mning och jackbar elektronik<\/p>\n<\/li>\n<li data-start=\"2335\" data-end=\"2376\">\n<p data-start=\"2337\" data-end=\"2376\">M\u00e5tt: Standardm\u00e5tt f\u00f6r PIR-detektorer<\/p>\n<\/li>\n<\/ul>","protected":false},"excerpt":{"rendered":"<p>PIR-detektor med 20 meter r\u00e4ckvidd och 86 grader synf\u00e4lt.<\/p>\n<p>Avancerad spegeloptik och patenterat Vektorpyroelement f\u00f6r exakt detektion och h\u00f6g s\u00e4kerhet.<\/p>","protected":false},"featured_media":83210,"template":"","meta":{"_acf_changed":false},"product_brand":[],"product_cat":[2615],"product_tag":[1459,1848],"class_list":{"0":"post-31379","1":"product","2":"type-product","3":"status-publish","4":"has-post-thumbnail","6":"product_cat-rorelse-detektorer","7":"product_tag-rorelsedetektor-ir-detektorer","8":"product_tag-sbsc-larmklass2","9":"product_shipping_class-tunga-paket","10":"pa_brands-aritech","11":"tm-no-options","13":"first","14":"outofstock","15":"sale","16":"taxable","17":"shipping-taxable","18":"product-type-simple"},"acf":[],"_links":{"self":[{"href":"https:\/\/stonehouse.se\/en\/wp-json\/wp\/v2\/product\/31379","targetHints":{"allow":["GET"]}}],"collection":[{"href":"https:\/\/stonehouse.se\/en\/wp-json\/wp\/v2\/product"}],"about":[{"href":"https:\/\/stonehouse.se\/en\/wp-json\/wp\/v2\/types\/product"}],"wp:featuredmedia":[{"embeddable":true,"href":"https:\/\/stonehouse.se\/en\/wp-json\/wp\/v2\/media\/83210"}],"wp:attachment":[{"href":"https:\/\/stonehouse.se\/en\/wp-json\/wp\/v2\/media?parent=31379"}],"wp:term":[{"taxonomy":"product_brand","embeddable":true,"href":"https:\/\/stonehouse.se\/en\/wp-json\/wp\/v2\/product_brand?post=31379"},{"taxonomy":"product_cat","embeddable":true,"href":"https:\/\/stonehouse.se\/en\/wp-json\/wp\/v2\/product_cat?post=31379"},{"taxonomy":"product_tag","embeddable":true,"href":"https:\/\/stonehouse.se\/en\/wp-json\/wp\/v2\/product_tag?post=31379"}],"curies":[{"name":"wp","href":"https:\/\/api.w.org\/{rel}","templated":true}]}}