
{"id":31381,"date":"2022-06-29T12:48:07","date_gmt":"2022-06-29T10:48:07","guid":{"rendered":"https:\/\/stonehouse.se\/produkt\/kopplingsbox-plast-ip55-3\/"},"modified":"2026-04-08T16:40:22","modified_gmt":"2026-04-08T14:40:22","slug":"kopplingsbox-plast-ip55-3","status":"publish","type":"product","link":"https:\/\/stonehouse.se\/en\/product\/kopplingsbox-plast-ip55-3\/","title":{"rendered":"Kopplingsbox Plast Ip55 3"},"content":{"rendered":"<p>Finns i tv\u00e5 utf\u00f6randen. Helt\u00e4ckande lock eller med synlig signering genom \u00f6ppning i lock. Signering sn\u00e4ppes fast p\u00e5 plinten i boxen och sitter kvar n\u00e4r locket borttages. Boxen kan kompletteras med v\u00e4ggdistans f\u00f6r enkel kabelf\u00f6rl\u00e4ggning in i boxens bottenenhet. Kompletteras med plint, signering.<\/p>","protected":false},"excerpt":{"rendered":"<p>Finns i tv\u00e5 utf\u00f6randen. Helt\u00e4ckande lock eller med synlig signering genom \u00f6ppning i lock. Signering sn\u00e4ppes fast p\u00e5 plinten i<\/p>","protected":false},"featured_media":83345,"template":"","meta":{"_acf_changed":false},"product_brand":[],"product_cat":[470],"product_tag":[],"class_list":{"0":"post-31381","1":"product","2":"type-product","3":"status-publish","4":"has-post-thumbnail","6":"product_cat-plint-larm-telebox","7":"product_shipping_class-tunga-paket","8":"pa_brands-alarmtech","9":"tm-no-options","11":"first","12":"instock","13":"sale","14":"taxable","15":"shipping-taxable","16":"product-type-simple"},"acf":[],"_links":{"self":[{"href":"https:\/\/stonehouse.se\/en\/wp-json\/wp\/v2\/product\/31381","targetHints":{"allow":["GET"]}}],"collection":[{"href":"https:\/\/stonehouse.se\/en\/wp-json\/wp\/v2\/product"}],"about":[{"href":"https:\/\/stonehouse.se\/en\/wp-json\/wp\/v2\/types\/product"}],"wp:featuredmedia":[{"embeddable":true,"href":"https:\/\/stonehouse.se\/en\/wp-json\/wp\/v2\/media\/83345"}],"wp:attachment":[{"href":"https:\/\/stonehouse.se\/en\/wp-json\/wp\/v2\/media?parent=31381"}],"wp:term":[{"taxonomy":"product_brand","embeddable":true,"href":"https:\/\/stonehouse.se\/en\/wp-json\/wp\/v2\/product_brand?post=31381"},{"taxonomy":"product_cat","embeddable":true,"href":"https:\/\/stonehouse.se\/en\/wp-json\/wp\/v2\/product_cat?post=31381"},{"taxonomy":"product_tag","embeddable":true,"href":"https:\/\/stonehouse.se\/en\/wp-json\/wp\/v2\/product_tag?post=31381"}],"curies":[{"name":"wp","href":"https:\/\/api.w.org\/{rel}","templated":true}]}}