
{"id":31385,"date":"2022-06-29T12:47:37","date_gmt":"2022-06-29T10:47:37","guid":{"rendered":"https:\/\/stonehouse.se\/produkt\/relabox-mini10-30v-dc-acskruv\/"},"modified":"2026-04-08T16:39:25","modified_gmt":"2026-04-08T14:39:25","slug":"relabox-mini10-30v-dc-acskruv","status":"publish","type":"product","link":"https:\/\/stonehouse.se\/en\/product\/relabox-mini10-30v-dc-acskruv\/","title":{"rendered":"Rel\u00e4box Mini10-30V Dc\/Acskruv"},"content":{"rendered":"<p>4 extra oanslutna skruvterminaler med hissfunktion tillg\u00e4ngliga f\u00f6r ytterligare f\u00f6rbindningar. Tekniska data: Area 0,14 &#8211; 1,5 mm2. Minimum rel\u00e4sp\u00e4nning: 10 V. Rekommenderad max belastning: 60 V \/ 2 A. Sabotagekontakt max belastning: 50 mA. Str\u00f6mf\u00f6rbruking @12VDC (typ): 11,7 mA. Str\u00f6mf\u00f6rbruking @24VDC (typ): 23,2 mA.<\/p>","protected":false},"excerpt":{"rendered":"<p>4 extra oanslutna skruvterminaler med hissfunktion tillg\u00e4ngliga f\u00f6r ytterligare f\u00f6rbindningar. Tekniska data: Area 0,14 &#8211; 1,5 mm2. Minimum rel\u00e4sp\u00e4nning: 10<\/p>","protected":false},"featured_media":83298,"template":"","meta":{"_acf_changed":false},"product_brand":[],"product_cat":[1830],"product_tag":[],"class_list":{"0":"post-31385","1":"product","2":"type-product","3":"status-publish","4":"has-post-thumbnail","6":"product_cat-relakort-elektronik","7":"product_shipping_class-postnord-varubrev","8":"pa_farg-vit","9":"tm-no-options","11":"first","12":"instock","13":"sale","14":"taxable","15":"shipping-taxable","16":"product-type-simple"},"acf":[],"_links":{"self":[{"href":"https:\/\/stonehouse.se\/en\/wp-json\/wp\/v2\/product\/31385","targetHints":{"allow":["GET"]}}],"collection":[{"href":"https:\/\/stonehouse.se\/en\/wp-json\/wp\/v2\/product"}],"about":[{"href":"https:\/\/stonehouse.se\/en\/wp-json\/wp\/v2\/types\/product"}],"wp:featuredmedia":[{"embeddable":true,"href":"https:\/\/stonehouse.se\/en\/wp-json\/wp\/v2\/media\/83298"}],"wp:attachment":[{"href":"https:\/\/stonehouse.se\/en\/wp-json\/wp\/v2\/media?parent=31385"}],"wp:term":[{"taxonomy":"product_brand","embeddable":true,"href":"https:\/\/stonehouse.se\/en\/wp-json\/wp\/v2\/product_brand?post=31385"},{"taxonomy":"product_cat","embeddable":true,"href":"https:\/\/stonehouse.se\/en\/wp-json\/wp\/v2\/product_cat?post=31385"},{"taxonomy":"product_tag","embeddable":true,"href":"https:\/\/stonehouse.se\/en\/wp-json\/wp\/v2\/product_tag?post=31385"}],"curies":[{"name":"wp","href":"https:\/\/api.w.org\/{rel}","templated":true}]}}