
{"id":31387,"date":"2022-06-29T12:47:26","date_gmt":"2022-06-29T10:47:26","guid":{"rendered":"https:\/\/stonehouse.se\/produkt\/relakort-rc-1\/"},"modified":"2026-04-09T10:17:42","modified_gmt":"2026-04-09T08:17:42","slug":"relakort-rc-1","status":"publish","type":"product","link":"https:\/\/stonehouse.se\/en\/product\/relakort-rc-1\/","title":{"rendered":"Rel\u00e4kort Rc 1"},"content":{"rendered":"<p>Ett mycket litet universellt rel\u00e4kort med sj\u00e4lvh\u00e4ftande kudde f\u00f6r enkel montering vart som helst. Inkoppling sker via skruvplint. Styrsignal och matning ansluts via 15cm kabel. Rel\u00e4t p\u00e5 1A styrs via en transistor vilket g\u00f6r att en mycket l\u00e5g styrsignal kr\u00e4vs (1mA). Lysdiod indikerar n\u00e4r rel\u00e4et aktiveras.<\/p>","protected":false},"excerpt":{"rendered":"<p>Ett mycket litet universellt rel\u00e4kort med sj\u00e4lvh\u00e4ftande kudde f\u00f6r enkel montering vart som helst. Inkoppling sker via skruvplint. Styrsignal och<\/p>","protected":false},"featured_media":83147,"template":"","meta":{"_acf_changed":false},"product_brand":[],"product_cat":[1830],"product_tag":[1567],"class_list":{"0":"post-31387","1":"product","2":"type-product","3":"status-publish","4":"has-post-thumbnail","6":"product_cat-relakort-elektronik","7":"product_tag-rela-12-24v","8":"product_shipping_class-postnord-varubrev","9":"pa_farg-ovrigt","10":"tm-no-options","12":"first","13":"instock","14":"sale","15":"taxable","16":"shipping-taxable","17":"product-type-simple"},"acf":[],"_links":{"self":[{"href":"https:\/\/stonehouse.se\/en\/wp-json\/wp\/v2\/product\/31387","targetHints":{"allow":["GET"]}}],"collection":[{"href":"https:\/\/stonehouse.se\/en\/wp-json\/wp\/v2\/product"}],"about":[{"href":"https:\/\/stonehouse.se\/en\/wp-json\/wp\/v2\/types\/product"}],"wp:featuredmedia":[{"embeddable":true,"href":"https:\/\/stonehouse.se\/en\/wp-json\/wp\/v2\/media\/83147"}],"wp:attachment":[{"href":"https:\/\/stonehouse.se\/en\/wp-json\/wp\/v2\/media?parent=31387"}],"wp:term":[{"taxonomy":"product_brand","embeddable":true,"href":"https:\/\/stonehouse.se\/en\/wp-json\/wp\/v2\/product_brand?post=31387"},{"taxonomy":"product_cat","embeddable":true,"href":"https:\/\/stonehouse.se\/en\/wp-json\/wp\/v2\/product_cat?post=31387"},{"taxonomy":"product_tag","embeddable":true,"href":"https:\/\/stonehouse.se\/en\/wp-json\/wp\/v2\/product_tag?post=31387"}],"curies":[{"name":"wp","href":"https:\/\/api.w.org\/{rel}","templated":true}]}}