
{"id":31390,"date":"2022-06-29T12:46:56","date_gmt":"2022-06-29T10:46:56","guid":{"rendered":"https:\/\/stonehouse.se\/produkt\/ir-detektor-60m-ve735\/"},"modified":"2026-04-08T16:51:46","modified_gmt":"2026-04-08T14:51:46","slug":"ir-detektor-60m-ve735","status":"publish","type":"product","link":"https:\/\/stonehouse.se\/en\/product\/ir-detektor-60m-ve735\/","title":{"rendered":"Ir-Detektor Ve735 &#8211; 20 meter vinkel eller 60 meter l\u00e5ngstr\u00e5lande"},"content":{"rendered":"<h1>Ir-Detektor Ve735 &#8211; 20 meter vinkel eller 60 meter l\u00e5ngstr\u00e5lande<\/h1>\n<p data-start=\"339\" data-end=\"1577\">Ir-Detektor VE735 \u00e4r en avancerad PIR-detektor som erbjuder 20 meter vinkel eller 60 meter l\u00e5ngstr\u00e5lande t\u00e4ckning.<\/p>\n<p data-start=\"339\" data-end=\"1577\">Utrustad med ett patenterat pyroelement och DSP-algoritmer, ger VE735 en flerdimensionell signalbild som inte bara identifierar n\u00e4rvaron av en v\u00e4rmek\u00e4lla, utan ocks\u00e5 best\u00e4mmer riktningen p\u00e5 den.<\/p>\n<p data-start=\"339\" data-end=\"1577\">Denna unika konstruktion ger en betydande f\u00f6rb\u00e4ttring inom PIR-detekteringsteknik.<br data-start=\"761\" data-end=\"764\" \/>VE735:s detektering bygger p\u00e5 en flerdimensionell signal fr\u00e5n pyroelementet, vilket g\u00f6r att den kan s\u00e4rskilja mellan olika typer av v\u00e4rmek\u00e4llor, inklusive statiska k\u00e4llor som inte genererar larm.<\/p>\n<p data-start=\"339\" data-end=\"1577\">Tack vare DSP-algoritmerna kan VE735 filtrera bort signaler fr\u00e5n statiska termiska k\u00e4llor och endast larma f\u00f6r r\u00f6relsem\u00f6nster som inneb\u00e4r en potentiell inkr\u00e4ktare.<\/p>\n<p data-start=\"339\" data-end=\"1577\">Detta inneb\u00e4r en h\u00f6g s\u00e4kerhet och exakt detektering utan falsklarm.<br data-start=\"1191\" data-end=\"1194\" \/>F\u00f6r att ytterligare f\u00f6rb\u00e4ttra detekteringen, anv\u00e4nder VE735 High Density Optics (HDO) spegelteknologi. HDO ger fler och bredare rid\u00e5er utan att beh\u00f6va \u00f6ka storleken p\u00e5 spegeln.<\/p>\n<p data-start=\"339\" data-end=\"1577\">Med 90 graders spegel och 11 rid\u00e5er kan den skapa ett effektivt och omfattande skydd.<\/p>\n<p data-start=\"339\" data-end=\"1577\">Detta g\u00f6r VE735 till en optimal l\u00f6sning f\u00f6r att s\u00e4kerst\u00e4lla h\u00f6g s\u00e4kerhet i b\u00e5de vinkel- och l\u00e5ngstr\u00e5lande till\u00e4mpningar.<\/p>\n<p data-start=\"1579\" data-end=\"1609\"><strong data-start=\"1579\" data-end=\"1607\">Funktioner och f\u00f6rdelar:<\/strong><\/p>\n<ul data-start=\"1610\" data-end=\"2079\">\n<li data-start=\"1610\" data-end=\"1693\">\n<p data-start=\"1612\" data-end=\"1693\">20 meter vinkel eller 60 meter l\u00e5ngstr\u00e5lande t\u00e4ckning f\u00f6r flexibel installation<\/p>\n<\/li>\n<li data-start=\"1694\" data-end=\"1770\">\n<p data-start=\"1696\" data-end=\"1770\">Patenterat pyroelement f\u00f6r flerdimensionell detektion och exakt riktning<\/p>\n<\/li>\n<li data-start=\"1771\" data-end=\"1852\">\n<p data-start=\"1773\" data-end=\"1852\">DSP-algoritmer f\u00f6r att filtrera bort st\u00f6rningar fr\u00e5n statiska termiska k\u00e4llor<\/p>\n<\/li>\n<li data-start=\"1853\" data-end=\"1937\">\n<p data-start=\"1855\" data-end=\"1937\">H\u00f6g s\u00e4kerhet med filtrering av endast r\u00f6relsem\u00f6nster fr\u00e5n potentiella inkr\u00e4ktare<\/p>\n<\/li>\n<li data-start=\"1938\" data-end=\"2009\">\n<p data-start=\"1940\" data-end=\"2009\">HDO spegeloptik f\u00f6r fler och bredare rid\u00e5er utan \u00f6kad spegelstorlek<\/p>\n<\/li>\n<li data-start=\"2010\" data-end=\"2079\">\n<p data-start=\"2012\" data-end=\"2079\">90 grader spegel och 11 rid\u00e5er f\u00f6r effektiv och exakt detektering<\/p>\n<\/li>\n<\/ul>\n<p data-start=\"2081\" data-end=\"2112\"><strong data-start=\"2081\" data-end=\"2110\">Tekniska specifikationer:<\/strong><\/p>\n<ul data-start=\"2113\" data-end=\"2416\">\n<li data-start=\"2113\" data-end=\"2171\">\n<p data-start=\"2115\" data-end=\"2171\">T\u00e4ckning: 20 meter vinkel eller 60 meter l\u00e5ngstr\u00e5lande<\/p>\n<\/li>\n<li data-start=\"2172\" data-end=\"2214\">\n<p data-start=\"2174\" data-end=\"2214\">T\u00e4ckningsbild: 90 grader med 11 rid\u00e5er<\/p>\n<\/li>\n<li data-start=\"2215\" data-end=\"2272\">\n<p data-start=\"2217\" data-end=\"2272\">Teknologi: Patenterat pyroelement och DSP-detektering<\/p>\n<\/li>\n<li data-start=\"2273\" data-end=\"2313\">\n<p data-start=\"2275\" data-end=\"2313\">HDO spegeloptik f\u00f6r maximal t\u00e4ckning<\/p>\n<\/li>\n<li data-start=\"2314\" data-end=\"2346\">\n<p data-start=\"2316\" data-end=\"2346\">Sp\u00e4nningsmatning: 9 &#8211; 15 VDC<\/p>\n<\/li>\n<li data-start=\"2347\" data-end=\"2374\">\n<p data-start=\"2349\" data-end=\"2374\">Str\u00f6mf\u00f6rbrukning: 10 mA<\/p>\n<\/li>\n<li data-start=\"2375\" data-end=\"2416\">\n<p data-start=\"2377\" data-end=\"2416\">M\u00e5tt: Standardm\u00e5tt f\u00f6r PIR-detektorer<\/p>\n<\/li>\n<\/ul>","protected":false},"excerpt":{"rendered":"<p>PIR-detektor med 20 meter vinkel eller 60 meter l\u00e5ngstr\u00e5lande t\u00e4ckning.<\/p>\n<p>Patenterat pyroelement och DSP-algoritmer f\u00f6r flerdimensionell detektion och h\u00f6g s\u00e4kerhet.<\/p>","protected":false},"featured_media":83152,"template":"","meta":{"_acf_changed":false},"product_brand":[],"product_cat":[2615],"product_tag":[1459,1848],"class_list":{"0":"post-31390","1":"product","2":"type-product","3":"status-publish","4":"has-post-thumbnail","6":"product_cat-rorelse-detektorer","7":"product_tag-rorelsedetektor-ir-detektorer","8":"product_tag-sbsc-larmklass2","9":"product_shipping_class-tunga-paket","10":"pa_brands-aritech","11":"tm-no-options","13":"first","14":"instock","15":"sale","16":"taxable","17":"shipping-taxable","18":"product-type-simple"},"acf":[],"_links":{"self":[{"href":"https:\/\/stonehouse.se\/en\/wp-json\/wp\/v2\/product\/31390","targetHints":{"allow":["GET"]}}],"collection":[{"href":"https:\/\/stonehouse.se\/en\/wp-json\/wp\/v2\/product"}],"about":[{"href":"https:\/\/stonehouse.se\/en\/wp-json\/wp\/v2\/types\/product"}],"wp:featuredmedia":[{"embeddable":true,"href":"https:\/\/stonehouse.se\/en\/wp-json\/wp\/v2\/media\/83152"}],"wp:attachment":[{"href":"https:\/\/stonehouse.se\/en\/wp-json\/wp\/v2\/media?parent=31390"}],"wp:term":[{"taxonomy":"product_brand","embeddable":true,"href":"https:\/\/stonehouse.se\/en\/wp-json\/wp\/v2\/product_brand?post=31390"},{"taxonomy":"product_cat","embeddable":true,"href":"https:\/\/stonehouse.se\/en\/wp-json\/wp\/v2\/product_cat?post=31390"},{"taxonomy":"product_tag","embeddable":true,"href":"https:\/\/stonehouse.se\/en\/wp-json\/wp\/v2\/product_tag?post=31390"}],"curies":[{"name":"wp","href":"https:\/\/api.w.org\/{rel}","templated":true}]}}