
{"id":31400,"date":"2022-06-29T12:45:15","date_gmt":"2022-06-29T10:45:15","guid":{"rendered":"https:\/\/stonehouse.se\/produkt\/ir-detektor-pdm-i12\/"},"modified":"2026-04-08T16:54:06","modified_gmt":"2026-04-08T14:54:06","slug":"ir-detektor-pdm-i12","status":"publish","type":"product","link":"https:\/\/stonehouse.se\/en\/product\/ir-detektor-pdm-i12\/","title":{"rendered":"Vanderbilt ACRE PDM-I12 &#8211; 12 meter vidvinkel"},"content":{"rendered":"<h1>IR-Detektor PDM-I12 &#8211; 12 meter vidvinkel<\/h1>\n<p data-start=\"327\" data-end=\"1252\">IR-Detektor PDM-I12 \u00e4r en modern och elegant designad r\u00f6relsedetektor med 12 meter vidvinkel, vilket g\u00f6r den perfekt f\u00f6r alla typer av installationer.<\/p>\n<p data-start=\"327\" data-end=\"1252\">Med den patenterade MAGIC-spegeln och den vidareutvecklade Visatec-algoritmen erbjuder PDM-I12 p\u00e5litlig detektering av inkr\u00e4ktare och h\u00f6gsta s\u00e4kerhet mot obefogade larm.<br data-start=\"677\" data-end=\"680\" \/>En unik funktion i PDM-I12 \u00e4r husdjursimmuniteten, som kan aktiveras via PO-CL Pet-klipps, vilket g\u00f6r det m\u00f6jligt att anv\u00e4nda detektorn i milj\u00f6er d\u00e4r husdjur finns, utan att riskera falsklarm.<br data-start=\"872\" data-end=\"875\" \/>F\u00f6r att underl\u00e4tta installationen har PDM-I12 ett nytt g\u00e5ngtestf\u00f6rfarande och ett EOL-system, vilket g\u00f6r installationen snabb och enkel.<\/p>\n<p data-start=\"327\" data-end=\"1252\">Den har en str\u00f6mf\u00f6rbrukning p\u00e5 max 4,7 mA (LED ON) och en sp\u00e4nningsmatning p\u00e5 9-16 VDC, vilket g\u00f6r den energieffektiv och p\u00e5litlig.<\/p>\n<p data-start=\"327\" data-end=\"1252\">Certifierad enligt SBSC-intyg 13-331, klass 1-2, garanterar att PDM-I12 uppfyller de h\u00f6gsta s\u00e4kerhetskraven.<\/p>\n<p data-start=\"1254\" data-end=\"1284\"><strong data-start=\"1254\" data-end=\"1282\">Funktioner och f\u00f6rdelar:<\/strong><\/p>\n<ul data-start=\"1285\" data-end=\"1770\">\n<li data-start=\"1285\" data-end=\"1342\">\n<p data-start=\"1287\" data-end=\"1342\">12 meter vidvinkel f\u00f6r effektiv och exakt detektering<\/p>\n<\/li>\n<li data-start=\"1343\" data-end=\"1429\">\n<p data-start=\"1345\" data-end=\"1429\">Husdjursimmunitet (kan aktiveras via PO-CL Pet-klipps) f\u00f6r att f\u00f6rhindra falsklarm<\/p>\n<\/li>\n<li data-start=\"1430\" data-end=\"1503\">\n<p data-start=\"1432\" data-end=\"1503\">MAGIC spegeloptik och Visatec-algoritm f\u00f6r h\u00f6g s\u00e4kerhet och precision<\/p>\n<\/li>\n<li data-start=\"1504\" data-end=\"1575\">\n<p data-start=\"1506\" data-end=\"1575\">L\u00e5g str\u00f6mf\u00f6rbrukning (max 4,7 mA vid LED ON) f\u00f6r energieffektivitet<\/p>\n<\/li>\n<li data-start=\"1576\" data-end=\"1641\">\n<p data-start=\"1578\" data-end=\"1641\">Nytt g\u00e5ngtestf\u00f6rfarande och EOL-system f\u00f6r snabb installation<\/p>\n<\/li>\n<li data-start=\"1642\" data-end=\"1710\">\n<p data-start=\"1644\" data-end=\"1710\">Certifierad enligt SBSC-intyg 13-331, klass 1-2 f\u00f6r h\u00f6g s\u00e4kerhet<\/p>\n<\/li>\n<li data-start=\"1711\" data-end=\"1770\">\n<p data-start=\"1713\" data-end=\"1770\">Kompakt och elegant design som passar alla installationer<\/p>\n<\/li>\n<\/ul>\n<p data-start=\"1772\" data-end=\"1803\"><strong data-start=\"1772\" data-end=\"1801\">Tekniska specifikationer:<\/strong><\/p>\n<ul data-start=\"1804\" data-end=\"2101\">\n<li data-start=\"1804\" data-end=\"1836\">\n<p data-start=\"1806\" data-end=\"1836\">T\u00e4ckning: 12 meter vidvinkel<\/p>\n<\/li>\n<li data-start=\"1837\" data-end=\"1869\">\n<p data-start=\"1839\" data-end=\"1869\">Sp\u00e4nningsmatning: 9 &#8211; 16 VDC<\/p>\n<\/li>\n<li data-start=\"1870\" data-end=\"1911\">\n<p data-start=\"1872\" data-end=\"1911\">Str\u00f6mf\u00f6rbrukning: max 4,7 mA (LED ON)<\/p>\n<\/li>\n<li data-start=\"1912\" data-end=\"1960\">\n<p data-start=\"1914\" data-end=\"1960\">Husdjursimmunitet: Ja (via PO-CL Pet-klipps)<\/p>\n<\/li>\n<li data-start=\"1961\" data-end=\"2006\">\n<p data-start=\"1963\" data-end=\"2006\">Godk\u00e4nnande: SBSC-intyg 13-331, klass 1-2<\/p>\n<\/li>\n<li data-start=\"2007\" data-end=\"2048\">\n<p data-start=\"2009\" data-end=\"2048\">M\u00e5tt: Standardm\u00e5tt f\u00f6r PIR-detektorer<\/p>\n<\/li>\n<li data-start=\"2049\" data-end=\"2101\">\n<p data-start=\"2051\" data-end=\"2101\">Temperaturintervall: Standard f\u00f6r PIR-detektorer<\/p>\n<\/li>\n<\/ul>","protected":false},"excerpt":{"rendered":"<p>MAGIC r\u00f6relsedetektor med 12 meter vidvinkel, Visatec-algoritm och husdjursimmunitet (via PO-CL Pet-klipps).<\/p>\n<p>P\u00e5litlig detektering och h\u00f6g s\u00e4kerhet med l\u00e5g str\u00f6mf\u00f6rbrukning.<\/p>","protected":false},"featured_media":83231,"template":"","meta":{"_acf_changed":false},"product_brand":[],"product_cat":[2615,352],"product_tag":[1459,1848],"class_list":{"0":"post-31400","1":"product","2":"type-product","3":"status-publish","4":"has-post-thumbnail","6":"product_cat-rorelse-detektorer","7":"product_cat-outlet","8":"product_tag-rorelsedetektor-ir-detektorer","9":"product_tag-sbsc-larmklass2","10":"product_shipping_class-postnord-varubrev","11":"pa_brands-6vanderbilt","12":"tm-no-options","14":"first","15":"instock","16":"sale","17":"featured","18":"taxable","19":"shipping-taxable","20":"product-type-simple"},"acf":[],"_links":{"self":[{"href":"https:\/\/stonehouse.se\/en\/wp-json\/wp\/v2\/product\/31400","targetHints":{"allow":["GET"]}}],"collection":[{"href":"https:\/\/stonehouse.se\/en\/wp-json\/wp\/v2\/product"}],"about":[{"href":"https:\/\/stonehouse.se\/en\/wp-json\/wp\/v2\/types\/product"}],"wp:featuredmedia":[{"embeddable":true,"href":"https:\/\/stonehouse.se\/en\/wp-json\/wp\/v2\/media\/83231"}],"wp:attachment":[{"href":"https:\/\/stonehouse.se\/en\/wp-json\/wp\/v2\/media?parent=31400"}],"wp:term":[{"taxonomy":"product_brand","embeddable":true,"href":"https:\/\/stonehouse.se\/en\/wp-json\/wp\/v2\/product_brand?post=31400"},{"taxonomy":"product_cat","embeddable":true,"href":"https:\/\/stonehouse.se\/en\/wp-json\/wp\/v2\/product_cat?post=31400"},{"taxonomy":"product_tag","embeddable":true,"href":"https:\/\/stonehouse.se\/en\/wp-json\/wp\/v2\/product_tag?post=31400"}],"curies":[{"name":"wp","href":"https:\/\/api.w.org\/{rel}","templated":true}]}}