
{"id":31412,"date":"2022-06-28T13:21:33","date_gmt":"2022-06-28T11:21:33","guid":{"rendered":"https:\/\/stonehouse.se\/produkt\/kretskortshallare-dalm\/"},"modified":"2026-04-01T17:05:59","modified_gmt":"2026-04-01T15:05:59","slug":"kretskortshallare-dalm","status":"publish","type":"product","link":"https:\/\/stonehouse.se\/en\/product\/kretskortshallare-dalm\/","title":{"rendered":"Kretskortsh\u00e5llare Dalm"},"content":{"rendered":"<p>Montage pl\u00e5t f\u00f6r montering i olika typer av kapslingar. Passar till alla Dualtechs produkter.<\/p>","protected":false},"excerpt":{"rendered":"<p>Montage pl\u00e5t f\u00f6r montering i olika typer av kapslingar. Passar till alla Dualtechs produkter.<\/p>","protected":false},"featured_media":0,"template":"","meta":{"_acf_changed":false},"product_brand":[],"product_cat":[472],"product_tag":[1590],"class_list":{"0":"post-31412","1":"product","2":"type-product","3":"status-publish","5":"product_cat-larmoverforing","6":"product_tag-larmoverforing-tillbehor-antenn-etc","7":"product_shipping_class-tunga-paket","8":"tm-no-options","10":"first","11":"outofstock","12":"sale","13":"taxable","14":"shipping-taxable","15":"product-type-simple"},"acf":[],"_links":{"self":[{"href":"https:\/\/stonehouse.se\/en\/wp-json\/wp\/v2\/product\/31412","targetHints":{"allow":["GET"]}}],"collection":[{"href":"https:\/\/stonehouse.se\/en\/wp-json\/wp\/v2\/product"}],"about":[{"href":"https:\/\/stonehouse.se\/en\/wp-json\/wp\/v2\/types\/product"}],"wp:attachment":[{"href":"https:\/\/stonehouse.se\/en\/wp-json\/wp\/v2\/media?parent=31412"}],"wp:term":[{"taxonomy":"product_brand","embeddable":true,"href":"https:\/\/stonehouse.se\/en\/wp-json\/wp\/v2\/product_brand?post=31412"},{"taxonomy":"product_cat","embeddable":true,"href":"https:\/\/stonehouse.se\/en\/wp-json\/wp\/v2\/product_cat?post=31412"},{"taxonomy":"product_tag","embeddable":true,"href":"https:\/\/stonehouse.se\/en\/wp-json\/wp\/v2\/product_tag?post=31412"}],"curies":[{"name":"wp","href":"https:\/\/api.w.org\/{rel}","templated":true}]}}