
{"id":31413,"date":"2022-06-28T13:21:21","date_gmt":"2022-06-28T11:21:21","guid":{"rendered":"https:\/\/stonehouse.se\/produkt\/stromforsorjning-psu\/"},"modified":"2026-04-08T16:47:21","modified_gmt":"2026-04-08T14:47:21","slug":"stromforsorjning-psu","status":"publish","type":"product","link":"https:\/\/stonehouse.se\/en\/product\/stromforsorjning-psu\/","title":{"rendered":"Str\u00f6mf\u00f6rs\u00f6rjning Psu"},"content":{"rendered":"<p>Str\u00f6mf\u00f6rs\u00f6rjning AC adapter. Passar till alla Dualtech\u00b4s produkter,12V backup batteri ska anslutas.<\/p>","protected":false},"excerpt":{"rendered":"<p>Str\u00f6mf\u00f6rs\u00f6rjning AC adapter. Passar till alla Dualtech\u00b4s produkter,12V backup batteri ska anslutas.<\/p>","protected":false},"featured_media":83358,"template":"","meta":{"_acf_changed":false},"product_brand":[],"product_cat":[472],"product_tag":[1590],"class_list":{"0":"post-31413","1":"product","2":"type-product","3":"status-publish","4":"has-post-thumbnail","6":"product_cat-larmoverforing","7":"product_tag-larmoverforing-tillbehor-antenn-etc","8":"product_shipping_class-tunga-paket","9":"tm-no-options","11":"first","12":"outofstock","13":"sale","14":"taxable","15":"shipping-taxable","16":"product-type-simple"},"acf":[],"_links":{"self":[{"href":"https:\/\/stonehouse.se\/en\/wp-json\/wp\/v2\/product\/31413","targetHints":{"allow":["GET"]}}],"collection":[{"href":"https:\/\/stonehouse.se\/en\/wp-json\/wp\/v2\/product"}],"about":[{"href":"https:\/\/stonehouse.se\/en\/wp-json\/wp\/v2\/types\/product"}],"wp:featuredmedia":[{"embeddable":true,"href":"https:\/\/stonehouse.se\/en\/wp-json\/wp\/v2\/media\/83358"}],"wp:attachment":[{"href":"https:\/\/stonehouse.se\/en\/wp-json\/wp\/v2\/media?parent=31413"}],"wp:term":[{"taxonomy":"product_brand","embeddable":true,"href":"https:\/\/stonehouse.se\/en\/wp-json\/wp\/v2\/product_brand?post=31413"},{"taxonomy":"product_cat","embeddable":true,"href":"https:\/\/stonehouse.se\/en\/wp-json\/wp\/v2\/product_cat?post=31413"},{"taxonomy":"product_tag","embeddable":true,"href":"https:\/\/stonehouse.se\/en\/wp-json\/wp\/v2\/product_tag?post=31413"}],"curies":[{"name":"wp","href":"https:\/\/api.w.org\/{rel}","templated":true}]}}