
{"id":31416,"date":"2022-06-28T13:20:50","date_gmt":"2022-06-28T11:20:50","guid":{"rendered":"https:\/\/stonehouse.se\/produkt\/antenn-rundstralande-sma\/"},"modified":"2026-04-08T16:49:01","modified_gmt":"2026-04-08T14:49:01","slug":"antenn-rundstralande-sma","status":"publish","type":"product","link":"https:\/\/stonehouse.se\/en\/product\/antenn-rundstralande-sma\/","title":{"rendered":"Antenn Rundstr\u00e5lande Sma"},"content":{"rendered":"<p>Sabotageskyddad och diskret antenn f\u00f6r inomhusmontering som kan skruvas eller limmas fast mot ett sl\u00e4tt underlag. Levereras med 2 meter kabel med SMA kontakt. Rundstr\u00e5lande med ca 2dB signalf\u00f6rst\u00e4rkning.<\/p>","protected":false},"excerpt":{"rendered":"<p>Sabotageskyddad och diskret antenn f\u00f6r inomhusmontering som kan skruvas eller limmas fast mot ett sl\u00e4tt underlag. Levereras med 2 meter<\/p>","protected":false},"featured_media":83282,"template":"","meta":{"_acf_changed":false},"product_brand":[],"product_cat":[472],"product_tag":[1590],"class_list":{"0":"post-31416","1":"product","2":"type-product","3":"status-publish","4":"has-post-thumbnail","6":"product_cat-larmoverforing","7":"product_tag-larmoverforing-tillbehor-antenn-etc","8":"product_shipping_class-tunga-paket","9":"tm-no-options","11":"first","12":"instock","13":"sale","14":"taxable","15":"shipping-taxable","16":"product-type-simple"},"acf":[],"_links":{"self":[{"href":"https:\/\/stonehouse.se\/en\/wp-json\/wp\/v2\/product\/31416","targetHints":{"allow":["GET"]}}],"collection":[{"href":"https:\/\/stonehouse.se\/en\/wp-json\/wp\/v2\/product"}],"about":[{"href":"https:\/\/stonehouse.se\/en\/wp-json\/wp\/v2\/types\/product"}],"wp:featuredmedia":[{"embeddable":true,"href":"https:\/\/stonehouse.se\/en\/wp-json\/wp\/v2\/media\/83282"}],"wp:attachment":[{"href":"https:\/\/stonehouse.se\/en\/wp-json\/wp\/v2\/media?parent=31416"}],"wp:term":[{"taxonomy":"product_brand","embeddable":true,"href":"https:\/\/stonehouse.se\/en\/wp-json\/wp\/v2\/product_brand?post=31416"},{"taxonomy":"product_cat","embeddable":true,"href":"https:\/\/stonehouse.se\/en\/wp-json\/wp\/v2\/product_cat?post=31416"},{"taxonomy":"product_tag","embeddable":true,"href":"https:\/\/stonehouse.se\/en\/wp-json\/wp\/v2\/product_tag?post=31416"}],"curies":[{"name":"wp","href":"https:\/\/api.w.org\/{rel}","templated":true}]}}