
{"id":31419,"date":"2022-06-28T13:20:37","date_gmt":"2022-06-28T11:20:37","guid":{"rendered":"https:\/\/stonehouse.se\/produkt\/larmsandare-ethernet-tl260\/"},"modified":"2026-04-08T16:55:23","modified_gmt":"2026-04-08T14:55:23","slug":"larmsandare-ethernet-tl260","status":"publish","type":"product","link":"https:\/\/stonehouse.se\/en\/product\/larmsandare-ethernet-tl260\/","title":{"rendered":"Larms\u00e4ndare Ethernet Tl260"},"content":{"rendered":"<p>F\u00f6r PC1616 och PC1864.TL260 ger m\u00f6jlighet till IP baserad larm\u00f6verf\u00f6ring \u00f6ver Internet, larms\u00e4ndaren kommunicerar via den fasta internetanslutningen<\/p>","protected":false},"excerpt":{"rendered":"<p>F\u00f6r PC1616 och PC1864.TL260 ger m\u00f6jlighet till IP baserad larm\u00f6verf\u00f6ring \u00f6ver Internet, larms\u00e4ndaren kommunicerar via den fasta internetanslutningen<\/p>","protected":false},"featured_media":83215,"template":"","meta":{"_acf_changed":false},"product_brand":[],"product_cat":[472],"product_tag":[],"class_list":{"0":"post-31419","1":"product","2":"type-product","3":"status-publish","4":"has-post-thumbnail","6":"product_cat-larmoverforing","7":"product_shipping_class-tunga-paket","8":"pa_brands-4dsc","9":"tm-no-options","11":"first","12":"outofstock","13":"sale","14":"taxable","15":"shipping-taxable","16":"product-type-simple"},"acf":[],"_links":{"self":[{"href":"https:\/\/stonehouse.se\/en\/wp-json\/wp\/v2\/product\/31419","targetHints":{"allow":["GET"]}}],"collection":[{"href":"https:\/\/stonehouse.se\/en\/wp-json\/wp\/v2\/product"}],"about":[{"href":"https:\/\/stonehouse.se\/en\/wp-json\/wp\/v2\/types\/product"}],"wp:featuredmedia":[{"embeddable":true,"href":"https:\/\/stonehouse.se\/en\/wp-json\/wp\/v2\/media\/83215"}],"wp:attachment":[{"href":"https:\/\/stonehouse.se\/en\/wp-json\/wp\/v2\/media?parent=31419"}],"wp:term":[{"taxonomy":"product_brand","embeddable":true,"href":"https:\/\/stonehouse.se\/en\/wp-json\/wp\/v2\/product_brand?post=31419"},{"taxonomy":"product_cat","embeddable":true,"href":"https:\/\/stonehouse.se\/en\/wp-json\/wp\/v2\/product_cat?post=31419"},{"taxonomy":"product_tag","embeddable":true,"href":"https:\/\/stonehouse.se\/en\/wp-json\/wp\/v2\/product_tag?post=31419"}],"curies":[{"name":"wp","href":"https:\/\/api.w.org\/{rel}","templated":true}]}}