
{"id":31420,"date":"2022-06-28T13:20:27","date_gmt":"2022-06-28T11:20:27","guid":{"rendered":"https:\/\/stonehouse.se\/produkt\/antenn-rundstralande-mmcx\/"},"modified":"2026-04-08T16:46:36","modified_gmt":"2026-04-08T14:46:36","slug":"antenn-rundstralande-mmcx","status":"publish","type":"product","link":"https:\/\/stonehouse.se\/en\/product\/antenn-rundstralande-mmcx\/","title":{"rendered":"AddSecure STP 00633 Antenn Rundstr\u00e5lande Mmcx"},"content":{"rendered":"<p>Sabotages\u00e4krad och diskret antenn f\u00f6r inomhusmontering p\u00e5 v\u00e4gg. Rundstr\u00e5lande med ca 2dB signalf\u00f6rst\u00e4rkning. Levereras med 0,75 m kabel med MMXC kontakt.<\/p>","protected":false},"excerpt":{"rendered":"<p>Sabotages\u00e4krad och diskret antenn f\u00f6r inomhusmontering p\u00e5 v\u00e4gg. Rundstr\u00e5lande med ca 2dB signalf\u00f6rst\u00e4rkning. Levereras med 0,75 m kabel med MMXC<\/p>","protected":false},"featured_media":83322,"template":"","meta":{"_acf_changed":false},"product_brand":[],"product_cat":[472,1386,3605],"product_tag":[1590],"class_list":{"0":"post-31420","1":"product","2":"type-product","3":"status-publish","4":"has-post-thumbnail","6":"product_cat-larmoverforing","7":"product_cat-visonic-inbrottslarm-tradlost","8":"product_cat-larmsandare-ip-4g","9":"product_tag-larmoverforing-tillbehor-antenn-etc","10":"product_shipping_class-postnord-varubrev","11":"pa_brands-addsecure","12":"tm-no-options","14":"first","15":"instock","16":"sale","17":"taxable","18":"shipping-taxable","19":"product-type-simple"},"acf":[],"_links":{"self":[{"href":"https:\/\/stonehouse.se\/en\/wp-json\/wp\/v2\/product\/31420","targetHints":{"allow":["GET"]}}],"collection":[{"href":"https:\/\/stonehouse.se\/en\/wp-json\/wp\/v2\/product"}],"about":[{"href":"https:\/\/stonehouse.se\/en\/wp-json\/wp\/v2\/types\/product"}],"wp:featuredmedia":[{"embeddable":true,"href":"https:\/\/stonehouse.se\/en\/wp-json\/wp\/v2\/media\/83322"}],"wp:attachment":[{"href":"https:\/\/stonehouse.se\/en\/wp-json\/wp\/v2\/media?parent=31420"}],"wp:term":[{"taxonomy":"product_brand","embeddable":true,"href":"https:\/\/stonehouse.se\/en\/wp-json\/wp\/v2\/product_brand?post=31420"},{"taxonomy":"product_cat","embeddable":true,"href":"https:\/\/stonehouse.se\/en\/wp-json\/wp\/v2\/product_cat?post=31420"},{"taxonomy":"product_tag","embeddable":true,"href":"https:\/\/stonehouse.se\/en\/wp-json\/wp\/v2\/product_tag?post=31420"}],"curies":[{"name":"wp","href":"https:\/\/api.w.org\/{rel}","templated":true}]}}