
{"id":31421,"date":"2022-06-28T13:20:21","date_gmt":"2022-06-28T11:20:21","guid":{"rendered":"https:\/\/stonehouse.se\/produkt\/antenn-rundstral-utomhus-sma\/"},"modified":"2026-04-08T16:57:30","modified_gmt":"2026-04-08T14:57:30","slug":"antenn-rundstral-utomhus-sma","status":"publish","type":"product","link":"https:\/\/stonehouse.se\/en\/product\/antenn-rundstral-utomhus-sma\/","title":{"rendered":"Antenn Rundstr\u00e5l. Utomhus Sma"},"content":{"rendered":"<p>Robust antenn f\u00f6r utomhusmontering. 5 meter kabel med SMA kontakt. Rundstr\u00e5lande med ca 3-5 dB signalf\u00f6rst\u00e4rkning.<\/p>\n<p>F\u00f6r Airborne DC-familjen m\u00e5ste antennadapter (STP-00636) anv\u00e4ndas.<\/p>","protected":false},"excerpt":{"rendered":"<p>Robust antenn f\u00f6r utomhusmontering. 5 meter kabel med SMA kontakt. Rundstr\u00e5lande med ca 3-5 dB signalf\u00f6rst\u00e4rkning. F\u00f6r Airborne DC-familjen m\u00e5ste<\/p>","protected":false},"featured_media":83325,"template":"","meta":{"_acf_changed":false},"product_brand":[],"product_cat":[472],"product_tag":[1590],"class_list":{"0":"post-31421","1":"product","2":"type-product","3":"status-publish","4":"has-post-thumbnail","6":"product_cat-larmoverforing","7":"product_tag-larmoverforing-tillbehor-antenn-etc","8":"product_shipping_class-tunga-paket","9":"pa_brands-addsecure","10":"tm-no-options","12":"first","13":"instock","14":"sale","15":"taxable","16":"shipping-taxable","17":"product-type-simple"},"acf":[],"_links":{"self":[{"href":"https:\/\/stonehouse.se\/en\/wp-json\/wp\/v2\/product\/31421","targetHints":{"allow":["GET"]}}],"collection":[{"href":"https:\/\/stonehouse.se\/en\/wp-json\/wp\/v2\/product"}],"about":[{"href":"https:\/\/stonehouse.se\/en\/wp-json\/wp\/v2\/types\/product"}],"wp:featuredmedia":[{"embeddable":true,"href":"https:\/\/stonehouse.se\/en\/wp-json\/wp\/v2\/media\/83325"}],"wp:attachment":[{"href":"https:\/\/stonehouse.se\/en\/wp-json\/wp\/v2\/media?parent=31421"}],"wp:term":[{"taxonomy":"product_brand","embeddable":true,"href":"https:\/\/stonehouse.se\/en\/wp-json\/wp\/v2\/product_brand?post=31421"},{"taxonomy":"product_cat","embeddable":true,"href":"https:\/\/stonehouse.se\/en\/wp-json\/wp\/v2\/product_cat?post=31421"},{"taxonomy":"product_tag","embeddable":true,"href":"https:\/\/stonehouse.se\/en\/wp-json\/wp\/v2\/product_tag?post=31421"}],"curies":[{"name":"wp","href":"https:\/\/api.w.org\/{rel}","templated":true}]}}