
{"id":31432,"date":"2022-06-28T13:17:46","date_gmt":"2022-06-28T11:17:46","guid":{"rendered":"https:\/\/stonehouse.se\/produkt\/skylt-gasbehallare\/"},"modified":"2026-04-08T16:37:55","modified_gmt":"2026-04-08T14:37:55","slug":"skylt-gasbehallare","status":"publish","type":"product","link":"https:\/\/stonehouse.se\/en\/product\/skylt-gasbehallare\/","title":{"rendered":"Skylt Gasbeh\u00e5llare"},"content":{"rendered":"<p>Skylt 210&#215;297 mm &#8220;Gasbeh\u00e5llare f\u00f6rs i s\u00e4kerhet vid brandfara&#8221; tryckt p\u00e5 enkelsidig PET<\/p>","protected":false},"excerpt":{"rendered":"<p>Skylt 210&#215;297 mm &#8220;Gasbeh\u00e5llare f\u00f6rs i s\u00e4kerhet vid brandfara&#8221; tryckt p\u00e5 enkelsidig PET<\/p>","protected":false},"featured_media":83165,"template":"","meta":{"_acf_changed":false},"product_brand":[],"product_cat":[479],"product_tag":[],"class_list":{"0":"post-31432","1":"product","2":"type-product","3":"status-publish","4":"has-post-thumbnail","6":"product_cat-anvisningsskyltar-brandskydd","7":"product_shipping_class-postnord-varubrev","8":"tm-no-options","10":"first","11":"outofstock","12":"sale","13":"taxable","14":"shipping-taxable","15":"product-type-simple"},"acf":[],"_links":{"self":[{"href":"https:\/\/stonehouse.se\/en\/wp-json\/wp\/v2\/product\/31432","targetHints":{"allow":["GET"]}}],"collection":[{"href":"https:\/\/stonehouse.se\/en\/wp-json\/wp\/v2\/product"}],"about":[{"href":"https:\/\/stonehouse.se\/en\/wp-json\/wp\/v2\/types\/product"}],"wp:featuredmedia":[{"embeddable":true,"href":"https:\/\/stonehouse.se\/en\/wp-json\/wp\/v2\/media\/83165"}],"wp:attachment":[{"href":"https:\/\/stonehouse.se\/en\/wp-json\/wp\/v2\/media?parent=31432"}],"wp:term":[{"taxonomy":"product_brand","embeddable":true,"href":"https:\/\/stonehouse.se\/en\/wp-json\/wp\/v2\/product_brand?post=31432"},{"taxonomy":"product_cat","embeddable":true,"href":"https:\/\/stonehouse.se\/en\/wp-json\/wp\/v2\/product_cat?post=31432"},{"taxonomy":"product_tag","embeddable":true,"href":"https:\/\/stonehouse.se\/en\/wp-json\/wp\/v2\/product_tag?post=31432"}],"curies":[{"name":"wp","href":"https:\/\/api.w.org\/{rel}","templated":true}]}}