
{"id":31439,"date":"2022-06-28T13:17:03","date_gmt":"2022-06-28T11:17:03","guid":{"rendered":"https:\/\/stonehouse.se\/produkt\/skylt-brandslackare-200x200mm\/"},"modified":"2026-04-08T16:42:23","modified_gmt":"2026-04-08T14:42:23","slug":"skylt-brandslackare-200x200mm","status":"publish","type":"product","link":"https:\/\/stonehouse.se\/en\/product\/skylt-brandslackare-200x200mm\/","title":{"rendered":"Skylt Brandsl\u00e4ckare 200X200Mm"},"content":{"rendered":"<p>Skylt Brandsl\u00e4ckare. Enligt ISO7010:2012. R\u00f6d skylt med efterlysande symbol, aluminium. Placeras ovanf\u00f6r brandsl\u00e4ckare.<\/p>","protected":false},"excerpt":{"rendered":"<p>Skylt Brandsl\u00e4ckare. Enligt ISO7010:2012. R\u00f6d skylt med efterlysande symbol, aluminium. Placeras ovanf\u00f6r brandsl\u00e4ckare.<\/p>","protected":false},"featured_media":83357,"template":"","meta":{"_acf_changed":false},"product_brand":[],"product_cat":[479],"product_tag":[],"class_list":{"0":"post-31439","1":"product","2":"type-product","3":"status-publish","4":"has-post-thumbnail","6":"product_cat-anvisningsskyltar-brandskydd","7":"product_shipping_class-tunga-paket","8":"tm-no-options","10":"first","11":"outofstock","12":"sale","13":"taxable","14":"shipping-taxable","15":"product-type-simple"},"acf":[],"_links":{"self":[{"href":"https:\/\/stonehouse.se\/en\/wp-json\/wp\/v2\/product\/31439","targetHints":{"allow":["GET"]}}],"collection":[{"href":"https:\/\/stonehouse.se\/en\/wp-json\/wp\/v2\/product"}],"about":[{"href":"https:\/\/stonehouse.se\/en\/wp-json\/wp\/v2\/types\/product"}],"wp:featuredmedia":[{"embeddable":true,"href":"https:\/\/stonehouse.se\/en\/wp-json\/wp\/v2\/media\/83357"}],"wp:attachment":[{"href":"https:\/\/stonehouse.se\/en\/wp-json\/wp\/v2\/media?parent=31439"}],"wp:term":[{"taxonomy":"product_brand","embeddable":true,"href":"https:\/\/stonehouse.se\/en\/wp-json\/wp\/v2\/product_brand?post=31439"},{"taxonomy":"product_cat","embeddable":true,"href":"https:\/\/stonehouse.se\/en\/wp-json\/wp\/v2\/product_cat?post=31439"},{"taxonomy":"product_tag","embeddable":true,"href":"https:\/\/stonehouse.se\/en\/wp-json\/wp\/v2\/product_tag?post=31439"}],"curies":[{"name":"wp","href":"https:\/\/api.w.org\/{rel}","templated":true}]}}