
{"id":31447,"date":"2022-06-28T13:16:11","date_gmt":"2022-06-28T11:16:11","guid":{"rendered":"https:\/\/stonehouse.se\/produkt\/skylt-branddorr-150x150-mm\/"},"modified":"2026-04-08T16:41:00","modified_gmt":"2026-04-08T14:41:00","slug":"skylt-branddorr-150x150-mm","status":"publish","type":"product","link":"https:\/\/stonehouse.se\/en\/product\/skylt-branddorr-150x150-mm\/","title":{"rendered":"Skylt Brandd\u00f6rr 150X150 Mm"},"content":{"rendered":"<p>Skylt 150&#215;150 mm tryckt enkelsidigt p\u00e5 PET. Text: BRANDD\u00d6RR Skall h\u00e5llas st\u00e4ngd.<\/p>","protected":false},"excerpt":{"rendered":"<p>Skylt 150&#215;150 mm tryckt enkelsidigt p\u00e5 PET. Text: BRANDD\u00d6RR Skall h\u00e5llas st\u00e4ngd.<\/p>","protected":false},"featured_media":83185,"template":"","meta":{"_acf_changed":false},"product_brand":[],"product_cat":[479],"product_tag":[],"class_list":{"0":"post-31447","1":"product","2":"type-product","3":"status-publish","4":"has-post-thumbnail","6":"product_cat-anvisningsskyltar-brandskydd","7":"product_shipping_class-postnord-varubrev","8":"tm-no-options","10":"first","11":"instock","12":"sale","13":"taxable","14":"shipping-taxable","15":"product-type-simple"},"acf":[],"_links":{"self":[{"href":"https:\/\/stonehouse.se\/en\/wp-json\/wp\/v2\/product\/31447","targetHints":{"allow":["GET"]}}],"collection":[{"href":"https:\/\/stonehouse.se\/en\/wp-json\/wp\/v2\/product"}],"about":[{"href":"https:\/\/stonehouse.se\/en\/wp-json\/wp\/v2\/types\/product"}],"wp:featuredmedia":[{"embeddable":true,"href":"https:\/\/stonehouse.se\/en\/wp-json\/wp\/v2\/media\/83185"}],"wp:attachment":[{"href":"https:\/\/stonehouse.se\/en\/wp-json\/wp\/v2\/media?parent=31447"}],"wp:term":[{"taxonomy":"product_brand","embeddable":true,"href":"https:\/\/stonehouse.se\/en\/wp-json\/wp\/v2\/product_brand?post=31447"},{"taxonomy":"product_cat","embeddable":true,"href":"https:\/\/stonehouse.se\/en\/wp-json\/wp\/v2\/product_cat?post=31447"},{"taxonomy":"product_tag","embeddable":true,"href":"https:\/\/stonehouse.se\/en\/wp-json\/wp\/v2\/product_tag?post=31447"}],"curies":[{"name":"wp","href":"https:\/\/api.w.org\/{rel}","templated":true}]}}