
{"id":31449,"date":"2022-06-28T13:16:04","date_gmt":"2022-06-28T11:16:04","guid":{"rendered":"https:\/\/stonehouse.se\/produkt\/skylt-utrymning-pil-hoger\/"},"modified":"2026-04-08T16:44:32","modified_gmt":"2026-04-08T14:44:32","slug":"skylt-utrymning-pil-hoger","status":"publish","type":"product","link":"https:\/\/stonehouse.se\/en\/product\/skylt-utrymning-pil-hoger\/","title":{"rendered":"Skylt Utrymning Pil H\u00f6ger"},"content":{"rendered":"<p>Skylt 150&#215;300 mm utrymning pil h\u00f6ger tryckt p\u00e5 aluminium enkelsidigt i efterlysande &#8220;E-lys&#8221;<\/p>","protected":false},"excerpt":{"rendered":"<p>Skylt 150&#215;300 mm utrymning pil h\u00f6ger tryckt p\u00e5 aluminium enkelsidigt i efterlysande &#8220;E-lys&#8221;<\/p>","protected":false},"featured_media":83246,"template":"","meta":{"_acf_changed":false},"product_brand":[],"product_cat":[479],"product_tag":[],"class_list":{"0":"post-31449","1":"product","2":"type-product","3":"status-publish","4":"has-post-thumbnail","6":"product_cat-anvisningsskyltar-brandskydd","7":"product_shipping_class-tunga-paket","8":"tm-no-options","10":"first","11":"instock","12":"sale","13":"taxable","14":"shipping-taxable","15":"product-type-simple"},"acf":[],"_links":{"self":[{"href":"https:\/\/stonehouse.se\/en\/wp-json\/wp\/v2\/product\/31449","targetHints":{"allow":["GET"]}}],"collection":[{"href":"https:\/\/stonehouse.se\/en\/wp-json\/wp\/v2\/product"}],"about":[{"href":"https:\/\/stonehouse.se\/en\/wp-json\/wp\/v2\/types\/product"}],"wp:featuredmedia":[{"embeddable":true,"href":"https:\/\/stonehouse.se\/en\/wp-json\/wp\/v2\/media\/83246"}],"wp:attachment":[{"href":"https:\/\/stonehouse.se\/en\/wp-json\/wp\/v2\/media?parent=31449"}],"wp:term":[{"taxonomy":"product_brand","embeddable":true,"href":"https:\/\/stonehouse.se\/en\/wp-json\/wp\/v2\/product_brand?post=31449"},{"taxonomy":"product_cat","embeddable":true,"href":"https:\/\/stonehouse.se\/en\/wp-json\/wp\/v2\/product_cat?post=31449"},{"taxonomy":"product_tag","embeddable":true,"href":"https:\/\/stonehouse.se\/en\/wp-json\/wp\/v2\/product_tag?post=31449"}],"curies":[{"name":"wp","href":"https:\/\/api.w.org\/{rel}","templated":true}]}}