
{"id":31451,"date":"2022-06-28T13:15:47","date_gmt":"2022-06-28T11:15:47","guid":{"rendered":"https:\/\/stonehouse.se\/produkt\/skylt-utrymning-pil-vanster\/"},"modified":"2026-04-08T16:41:58","modified_gmt":"2026-04-08T14:41:58","slug":"skylt-utrymning-pil-vanster","status":"publish","type":"product","link":"https:\/\/stonehouse.se\/en\/product\/skylt-utrymning-pil-vanster\/","title":{"rendered":"Skylt Utrymning Pil V\u00e4nster"},"content":{"rendered":"<p>Skylt 150&#215;300 mm utrymning pil h\u00f6ger tryckt p\u00e5 aluminium enkelsidigt i efterlysande &#8220;E-lys&#8221;<\/p>","protected":false},"excerpt":{"rendered":"<p>Skylt 150&#215;300 mm utrymning pil h\u00f6ger tryckt p\u00e5 aluminium enkelsidigt i efterlysande &#8220;E-lys&#8221;<\/p>","protected":false},"featured_media":83299,"template":"","meta":{"_acf_changed":false},"product_brand":[],"product_cat":[479],"product_tag":[],"class_list":{"0":"post-31451","1":"product","2":"type-product","3":"status-publish","4":"has-post-thumbnail","6":"product_cat-anvisningsskyltar-brandskydd","7":"product_shipping_class-tunga-paket","8":"pa_brands-ateco","9":"tm-no-options","11":"first","12":"instock","13":"sale","14":"taxable","15":"shipping-taxable","16":"product-type-simple"},"acf":[],"_links":{"self":[{"href":"https:\/\/stonehouse.se\/en\/wp-json\/wp\/v2\/product\/31451","targetHints":{"allow":["GET"]}}],"collection":[{"href":"https:\/\/stonehouse.se\/en\/wp-json\/wp\/v2\/product"}],"about":[{"href":"https:\/\/stonehouse.se\/en\/wp-json\/wp\/v2\/types\/product"}],"wp:featuredmedia":[{"embeddable":true,"href":"https:\/\/stonehouse.se\/en\/wp-json\/wp\/v2\/media\/83299"}],"wp:attachment":[{"href":"https:\/\/stonehouse.se\/en\/wp-json\/wp\/v2\/media?parent=31451"}],"wp:term":[{"taxonomy":"product_brand","embeddable":true,"href":"https:\/\/stonehouse.se\/en\/wp-json\/wp\/v2\/product_brand?post=31451"},{"taxonomy":"product_cat","embeddable":true,"href":"https:\/\/stonehouse.se\/en\/wp-json\/wp\/v2\/product_cat?post=31451"},{"taxonomy":"product_tag","embeddable":true,"href":"https:\/\/stonehouse.se\/en\/wp-json\/wp\/v2\/product_tag?post=31451"}],"curies":[{"name":"wp","href":"https:\/\/api.w.org\/{rel}","templated":true}]}}