
{"id":31481,"date":"2022-06-28T13:05:16","date_gmt":"2022-06-28T11:05:16","guid":{"rendered":"https:\/\/stonehouse.se\/produkt\/limsats-gb-5000-ad\/"},"modified":"2026-04-08T16:55:44","modified_gmt":"2026-04-08T14:55:44","slug":"limsats-gb-5000-ad","status":"publish","type":"product","link":"https:\/\/stonehouse.se\/en\/product\/limsats-gb-5000-ad\/","title":{"rendered":"Limsats Gb-5000-Ad"},"content":{"rendered":"<p>Denna limsats anv\u00e4nds f\u00f6r att limma GB-51xx och GB-53xx detektorerna. Inneh\u00e5ller 5g lim, 4ml aktivator och 20st reng\u00f6ringsdukar.<\/p>","protected":false},"excerpt":{"rendered":"<p>Denna limsats anv\u00e4nds f\u00f6r att limma GB-51xx och GB-53xx detektorerna. Inneh\u00e5ller 5g lim, 4ml aktivator och 20st reng\u00f6ringsdukar.<\/p>","protected":false},"featured_media":83531,"template":"","meta":{"_acf_changed":false},"product_brand":[],"product_cat":[483],"product_tag":[1614],"class_list":{"0":"post-31481","1":"product","2":"type-product","3":"status-publish","4":"has-post-thumbnail","6":"product_cat-glaskrossdetektorer-nya-detektorer-ovriga-larmgivare","7":"product_tag-glaskross-lim-tillbehor","8":"product_shipping_class-tunga-paket","9":"tm-no-options","11":"first","12":"outofstock","13":"sale","14":"taxable","15":"shipping-taxable","16":"product-type-simple"},"acf":[],"_links":{"self":[{"href":"https:\/\/stonehouse.se\/en\/wp-json\/wp\/v2\/product\/31481","targetHints":{"allow":["GET"]}}],"collection":[{"href":"https:\/\/stonehouse.se\/en\/wp-json\/wp\/v2\/product"}],"about":[{"href":"https:\/\/stonehouse.se\/en\/wp-json\/wp\/v2\/types\/product"}],"wp:featuredmedia":[{"embeddable":true,"href":"https:\/\/stonehouse.se\/en\/wp-json\/wp\/v2\/media\/83531"}],"wp:attachment":[{"href":"https:\/\/stonehouse.se\/en\/wp-json\/wp\/v2\/media?parent=31481"}],"wp:term":[{"taxonomy":"product_brand","embeddable":true,"href":"https:\/\/stonehouse.se\/en\/wp-json\/wp\/v2\/product_brand?post=31481"},{"taxonomy":"product_cat","embeddable":true,"href":"https:\/\/stonehouse.se\/en\/wp-json\/wp\/v2\/product_cat?post=31481"},{"taxonomy":"product_tag","embeddable":true,"href":"https:\/\/stonehouse.se\/en\/wp-json\/wp\/v2\/product_tag?post=31481"}],"curies":[{"name":"wp","href":"https:\/\/api.w.org\/{rel}","templated":true}]}}