
{"id":31484,"date":"2022-06-28T13:05:05","date_gmt":"2022-06-28T11:05:05","guid":{"rendered":"https:\/\/stonehouse.se\/produkt\/glaskrossdetektor-gd470-10\/"},"modified":"2026-04-08T16:52:22","modified_gmt":"2026-04-08T14:52:22","slug":"glaskrossdetektor-gd470-10","status":"publish","type":"product","link":"https:\/\/stonehouse.se\/en\/product\/glaskrossdetektor-gd470-10\/","title":{"rendered":"Glaskrossdetektor Gd470-10"},"content":{"rendered":"<p>Rund glaskrossdetektor i litet format. H\u00f6g k\u00e4nslighet f\u00f6r angrepp mot glas, \u00e4ven sk\u00e4rning. 2m t\u00e4ckningsradie. Ok\u00e4nslig f\u00f6r falsklarm. L\u00e4mplig f\u00f6r 24h \u00f6vervakning. L\u00e5g str\u00f6mf\u00f6rbrukning. Dag och Natt kontroll. Polaritetsoberoende. Kopplas mot IU 400.<\/p>","protected":false},"excerpt":{"rendered":"<p>Rund glaskrossdetektor i litet format. H\u00f6g k\u00e4nslighet f\u00f6r angrepp mot glas, \u00e4ven sk\u00e4rning. 2m t\u00e4ckningsradie. Ok\u00e4nslig f\u00f6r falsklarm. L\u00e4mplig f\u00f6r<\/p>","protected":false},"featured_media":83396,"template":"","meta":{"_acf_changed":false},"product_brand":[],"product_cat":[483],"product_tag":[1616,1615],"class_list":{"0":"post-31484","1":"product","2":"type-product","3":"status-publish","4":"has-post-thumbnail","6":"product_cat-glaskrossdetektorer-nya-detektorer-ovriga-larmgivare","7":"product_tag-glaskross-limmad-4-trad","8":"product_tag-glaskross-limmad-laminat","9":"product_shipping_class-postnord-varubrev","10":"pa_brands-alarmtech","11":"pa_farg-vit","12":"tm-no-options","14":"first","15":"instock","16":"sale","17":"taxable","18":"shipping-taxable","19":"product-type-simple"},"acf":[],"_links":{"self":[{"href":"https:\/\/stonehouse.se\/en\/wp-json\/wp\/v2\/product\/31484","targetHints":{"allow":["GET"]}}],"collection":[{"href":"https:\/\/stonehouse.se\/en\/wp-json\/wp\/v2\/product"}],"about":[{"href":"https:\/\/stonehouse.se\/en\/wp-json\/wp\/v2\/types\/product"}],"wp:featuredmedia":[{"embeddable":true,"href":"https:\/\/stonehouse.se\/en\/wp-json\/wp\/v2\/media\/83396"}],"wp:attachment":[{"href":"https:\/\/stonehouse.se\/en\/wp-json\/wp\/v2\/media?parent=31484"}],"wp:term":[{"taxonomy":"product_brand","embeddable":true,"href":"https:\/\/stonehouse.se\/en\/wp-json\/wp\/v2\/product_brand?post=31484"},{"taxonomy":"product_cat","embeddable":true,"href":"https:\/\/stonehouse.se\/en\/wp-json\/wp\/v2\/product_cat?post=31484"},{"taxonomy":"product_tag","embeddable":true,"href":"https:\/\/stonehouse.se\/en\/wp-json\/wp\/v2\/product_tag?post=31484"}],"curies":[{"name":"wp","href":"https:\/\/api.w.org\/{rel}","templated":true}]}}