
{"id":31485,"date":"2022-06-28T13:04:58","date_gmt":"2022-06-28T11:04:58","guid":{"rendered":"https:\/\/stonehouse.se\/produkt\/testenhet-gvt-5000\/"},"modified":"2026-04-08T16:53:29","modified_gmt":"2026-04-08T14:53:29","slug":"testenhet-gvt-5000","status":"publish","type":"product","link":"https:\/\/stonehouse.se\/en\/product\/testenhet-gvt-5000\/","title":{"rendered":"Testenhet Gvt 5000"},"content":{"rendered":"<p>Handburen testenhet f\u00f6r test av glaskrossdetektorer och vibrationsdetektorer. Den genererar tv\u00e5 typer av testsignaler. En f\u00f6r GD 300 detektorerna och en annan f\u00f6r VD 400 detektorerna. Enkel att anv\u00e4nda och skadar inte testobjektet.<\/p>","protected":false},"excerpt":{"rendered":"<p>Handburen testenhet f\u00f6r test av glaskrossdetektorer och vibrationsdetektorer. Den genererar tv\u00e5 typer av testsignaler. En f\u00f6r GD 300 detektorerna och<\/p>","protected":false},"featured_media":83546,"template":"","meta":{"_acf_changed":false},"product_brand":[],"product_cat":[483],"product_tag":[1613],"class_list":{"0":"post-31485","1":"product","2":"type-product","3":"status-publish","4":"has-post-thumbnail","6":"product_cat-glaskrossdetektorer-nya-detektorer-ovriga-larmgivare","7":"product_tag-glaskross-testare","8":"product_shipping_class-tunga-paket","9":"pa_brands-alarmtech","10":"pa_farg-vit","11":"tm-no-options","13":"first","14":"instock","15":"sale","16":"taxable","17":"shipping-taxable","18":"product-type-simple"},"acf":[],"_links":{"self":[{"href":"https:\/\/stonehouse.se\/en\/wp-json\/wp\/v2\/product\/31485","targetHints":{"allow":["GET"]}}],"collection":[{"href":"https:\/\/stonehouse.se\/en\/wp-json\/wp\/v2\/product"}],"about":[{"href":"https:\/\/stonehouse.se\/en\/wp-json\/wp\/v2\/types\/product"}],"wp:featuredmedia":[{"embeddable":true,"href":"https:\/\/stonehouse.se\/en\/wp-json\/wp\/v2\/media\/83546"}],"wp:attachment":[{"href":"https:\/\/stonehouse.se\/en\/wp-json\/wp\/v2\/media?parent=31485"}],"wp:term":[{"taxonomy":"product_brand","embeddable":true,"href":"https:\/\/stonehouse.se\/en\/wp-json\/wp\/v2\/product_brand?post=31485"},{"taxonomy":"product_cat","embeddable":true,"href":"https:\/\/stonehouse.se\/en\/wp-json\/wp\/v2\/product_cat?post=31485"},{"taxonomy":"product_tag","embeddable":true,"href":"https:\/\/stonehouse.se\/en\/wp-json\/wp\/v2\/product_tag?post=31485"}],"curies":[{"name":"wp","href":"https:\/\/api.w.org\/{rel}","templated":true}]}}