
{"id":31490,"date":"2022-06-28T13:04:54","date_gmt":"2022-06-28T11:04:54","guid":{"rendered":"https:\/\/stonehouse.se\/produkt\/kabelgenomforing-100-pack\/"},"modified":"2026-04-08T16:48:35","modified_gmt":"2026-04-08T14:48:35","slug":"kabelgenomforing-100-pack","status":"publish","type":"product","link":"https:\/\/stonehouse.se\/en\/product\/kabelgenomforing-100-pack\/","title":{"rendered":"Kabelgenomf\u00f6ring 100 Pack"},"content":{"rendered":"<p>Kabelgenomf\u00f6ring (100 pack) f\u00f6r t.ex. genomf\u00f6ring av larmkablar i aluminiumpartier och liknande. Borrdiameter 8mm, innerdiameter 5mm. L\u00e4ngd ca 8,5mm och ytterm\u00e5tt 10mm.<\/p>","protected":false},"excerpt":{"rendered":"<p>Kabelgenomf\u00f6ring (100 pack) f\u00f6r t.ex. genomf\u00f6ring av larmkablar i aluminiumpartier och liknande. Borrdiameter 8mm, innerdiameter 5mm. L\u00e4ngd ca 8,5mm och<\/p>","protected":false},"featured_media":83464,"template":"","meta":{"_acf_changed":false},"product_brand":[],"product_cat":[483],"product_tag":[1614],"class_list":{"0":"post-31490","1":"product","2":"type-product","3":"status-publish","4":"has-post-thumbnail","6":"product_cat-glaskrossdetektorer-nya-detektorer-ovriga-larmgivare","7":"product_tag-glaskross-lim-tillbehor","8":"product_shipping_class-tunga-paket","9":"pa_brands-alarmtech","10":"pa_farg-vit","11":"tm-no-options","13":"first","14":"instock","15":"sale","16":"taxable","17":"shipping-taxable","18":"product-type-simple"},"acf":[],"_links":{"self":[{"href":"https:\/\/stonehouse.se\/en\/wp-json\/wp\/v2\/product\/31490","targetHints":{"allow":["GET"]}}],"collection":[{"href":"https:\/\/stonehouse.se\/en\/wp-json\/wp\/v2\/product"}],"about":[{"href":"https:\/\/stonehouse.se\/en\/wp-json\/wp\/v2\/types\/product"}],"wp:featuredmedia":[{"embeddable":true,"href":"https:\/\/stonehouse.se\/en\/wp-json\/wp\/v2\/media\/83464"}],"wp:attachment":[{"href":"https:\/\/stonehouse.se\/en\/wp-json\/wp\/v2\/media?parent=31490"}],"wp:term":[{"taxonomy":"product_brand","embeddable":true,"href":"https:\/\/stonehouse.se\/en\/wp-json\/wp\/v2\/product_brand?post=31490"},{"taxonomy":"product_cat","embeddable":true,"href":"https:\/\/stonehouse.se\/en\/wp-json\/wp\/v2\/product_cat?post=31490"},{"taxonomy":"product_tag","embeddable":true,"href":"https:\/\/stonehouse.se\/en\/wp-json\/wp\/v2\/product_tag?post=31490"}],"curies":[{"name":"wp","href":"https:\/\/api.w.org\/{rel}","templated":true}]}}