
{"id":31491,"date":"2022-06-28T13:04:50","date_gmt":"2022-06-28T11:04:50","guid":{"rendered":"https:\/\/stonehouse.se\/produkt\/glaskrossdetektor-gd-370-6\/"},"modified":"2026-04-08T16:55:31","modified_gmt":"2026-04-08T14:55:31","slug":"glaskrossdetektor-gd-370-6","status":"publish","type":"product","link":"https:\/\/stonehouse.se\/en\/product\/glaskrossdetektor-gd-370-6\/","title":{"rendered":"Glaskrossdetektor Gd 370-6"},"content":{"rendered":"<p>Glaskrossdetektor med rel\u00e4utg\u00e5ng f\u00f6r \u00f6vervakning av glaspartier gjorda av laminerat glas eller standardglas. Rund, kan aldrig sitta snett. Limmas p\u00e5 glaset. F\u00f6r snabb\/enkel installation ing\u00e5r en schablon, paddel och kabelavlastning. Vit. 6 m kabel.<\/p>","protected":false},"excerpt":{"rendered":"<p>Glaskrossdetektor med rel\u00e4utg\u00e5ng f\u00f6r \u00f6vervakning av glaspartier gjorda av laminerat glas eller standardglas. Rund, kan aldrig sitta snett. Limmas p\u00e5<\/p>","protected":false},"featured_media":83396,"template":"","meta":{"_acf_changed":false},"product_brand":[],"product_cat":[352,483],"product_tag":[1615],"class_list":{"0":"post-31491","1":"product","2":"type-product","3":"status-publish","4":"has-post-thumbnail","6":"product_cat-outlet","7":"product_cat-glaskrossdetektorer-nya-detektorer-ovriga-larmgivare","8":"product_tag-glaskross-limmad-laminat","9":"product_shipping_class-postnord-varubrev","10":"pa_brands-alarmtech","11":"pa_farg-vit","12":"tm-no-options","14":"first","15":"instock","16":"sale","17":"featured","18":"taxable","19":"shipping-taxable","20":"product-type-simple"},"acf":[],"_links":{"self":[{"href":"https:\/\/stonehouse.se\/en\/wp-json\/wp\/v2\/product\/31491","targetHints":{"allow":["GET"]}}],"collection":[{"href":"https:\/\/stonehouse.se\/en\/wp-json\/wp\/v2\/product"}],"about":[{"href":"https:\/\/stonehouse.se\/en\/wp-json\/wp\/v2\/types\/product"}],"wp:featuredmedia":[{"embeddable":true,"href":"https:\/\/stonehouse.se\/en\/wp-json\/wp\/v2\/media\/83396"}],"wp:attachment":[{"href":"https:\/\/stonehouse.se\/en\/wp-json\/wp\/v2\/media?parent=31491"}],"wp:term":[{"taxonomy":"product_brand","embeddable":true,"href":"https:\/\/stonehouse.se\/en\/wp-json\/wp\/v2\/product_brand?post=31491"},{"taxonomy":"product_cat","embeddable":true,"href":"https:\/\/stonehouse.se\/en\/wp-json\/wp\/v2\/product_cat?post=31491"},{"taxonomy":"product_tag","embeddable":true,"href":"https:\/\/stonehouse.se\/en\/wp-json\/wp\/v2\/product_tag?post=31491"}],"curies":[{"name":"wp","href":"https:\/\/api.w.org\/{rel}","templated":true}]}}