
{"id":31492,"date":"2022-06-28T13:04:47","date_gmt":"2022-06-28T11:04:47","guid":{"rendered":"https:\/\/stonehouse.se\/produkt\/utomhuskapsling-wh-400\/"},"modified":"2026-04-08T16:35:08","modified_gmt":"2026-04-08T14:35:08","slug":"utomhuskapsling-wh-400","status":"publish","type":"product","link":"https:\/\/stonehouse.se\/en\/product\/utomhuskapsling-wh-400\/","title":{"rendered":"Utomhuskapsling Wh 400"},"content":{"rendered":"<p>Metallkapsling med inbyggt v\u00e4rmeelement f\u00f6r CD 400 och VD 400 n\u00e4r detektorn monteras i kalla och fuktiga utrymmen. Kapslingen levereras med expanderbultar f\u00f6r att ge ett stort bevakningsomr\u00e5de.<\/p>","protected":false},"excerpt":{"rendered":"<p>Metallkapsling med inbyggt v\u00e4rmeelement f\u00f6r CD 400 och VD 400 n\u00e4r detektorn monteras i kalla och fuktiga utrymmen. Kapslingen levereras<\/p>","protected":false},"featured_media":83574,"template":"","meta":{"_acf_changed":false},"product_brand":[],"product_cat":[342,485],"product_tag":[],"class_list":{"0":"post-31492","1":"product","2":"type-product","3":"status-publish","4":"has-post-thumbnail","6":"product_cat-detektorer-larmgivare","7":"product_cat-vibration-chockdetektor","8":"product_shipping_class-postnord-varubrev","9":"pa_brands-alarmtech","10":"pa_farg-gra","11":"tm-no-options","13":"first","14":"outofstock","15":"sale","16":"taxable","17":"shipping-taxable","18":"product-type-simple"},"acf":[],"_links":{"self":[{"href":"https:\/\/stonehouse.se\/en\/wp-json\/wp\/v2\/product\/31492","targetHints":{"allow":["GET"]}}],"collection":[{"href":"https:\/\/stonehouse.se\/en\/wp-json\/wp\/v2\/product"}],"about":[{"href":"https:\/\/stonehouse.se\/en\/wp-json\/wp\/v2\/types\/product"}],"wp:featuredmedia":[{"embeddable":true,"href":"https:\/\/stonehouse.se\/en\/wp-json\/wp\/v2\/media\/83574"}],"wp:attachment":[{"href":"https:\/\/stonehouse.se\/en\/wp-json\/wp\/v2\/media?parent=31492"}],"wp:term":[{"taxonomy":"product_brand","embeddable":true,"href":"https:\/\/stonehouse.se\/en\/wp-json\/wp\/v2\/product_brand?post=31492"},{"taxonomy":"product_cat","embeddable":true,"href":"https:\/\/stonehouse.se\/en\/wp-json\/wp\/v2\/product_cat?post=31492"},{"taxonomy":"product_tag","embeddable":true,"href":"https:\/\/stonehouse.se\/en\/wp-json\/wp\/v2\/product_tag?post=31492"}],"curies":[{"name":"wp","href":"https:\/\/api.w.org\/{rel}","templated":true}]}}