
{"id":31495,"date":"2022-06-28T13:04:46","date_gmt":"2022-06-28T11:04:46","guid":{"rendered":"https:\/\/stonehouse.se\/produkt\/akustisk-glaskrossdet-ad800\/"},"modified":"2026-04-08T16:36:58","modified_gmt":"2026-04-08T14:36:58","slug":"akustisk-glaskrossdet-ad800","status":"publish","type":"product","link":"https:\/\/stonehouse.se\/en\/product\/akustisk-glaskrossdet-ad800\/","title":{"rendered":"Akustisk Glaskrossdet. Ad800 Alarmtech"},"content":{"rendered":"<p>Akustisk glaskrossdetektor f\u00f6r detektering av f\u00f6rs\u00f6k att krossa ett f\u00f6nster eller glasparti. Detektorn har Digital Room Compensation (DRC) vilket medf\u00f6r att den kan urskilja glaskross fr\u00e5n flertalet andra st\u00f6rande signaler. H\u00f6g t\u00e5lighet mot obefogade larm. Bevakningsomr\u00e5det \u00e4r 165\u00b0, vilket g\u00f6r att en detektor kan bevaka ett flertal f\u00f6nster i ett rum. Testad f\u00f6r olika glastyper inklusive laminerat glas. Anv\u00e4nd g\u00e4rna testenhet ADT700 som hj\u00e4lp vid installationen samt vid service av detektorn.<\/p>","protected":false},"excerpt":{"rendered":"<p>Akustisk glaskrossdetektor f\u00f6r detektering av f\u00f6rs\u00f6k att krossa ett f\u00f6nster eller glasparti. Detektorn har Digital Room Compensation (DRC) vilket medf\u00f6r<\/p>","protected":false},"featured_media":83421,"template":"","meta":{"_acf_changed":false},"product_brand":[],"product_cat":[483,352,2618],"product_tag":[1612,1747],"class_list":{"0":"post-31495","1":"product","2":"type-product","3":"status-publish","4":"has-post-thumbnail","6":"product_cat-glaskrossdetektorer-nya-detektorer-ovriga-larmgivare","7":"product_cat-outlet","8":"product_cat-kampanjer","9":"product_tag-glaskross-akustisk","10":"product_tag-rel-larmgivare","11":"product_shipping_class-postnord-varubrev","12":"pa_brands-alarmtech","13":"pa_farg-vit","14":"tm-no-options","16":"first","17":"instock","18":"sale","19":"featured","20":"taxable","21":"shipping-taxable","22":"product-type-simple"},"acf":[],"_links":{"self":[{"href":"https:\/\/stonehouse.se\/en\/wp-json\/wp\/v2\/product\/31495","targetHints":{"allow":["GET"]}}],"collection":[{"href":"https:\/\/stonehouse.se\/en\/wp-json\/wp\/v2\/product"}],"about":[{"href":"https:\/\/stonehouse.se\/en\/wp-json\/wp\/v2\/types\/product"}],"wp:featuredmedia":[{"embeddable":true,"href":"https:\/\/stonehouse.se\/en\/wp-json\/wp\/v2\/media\/83421"}],"wp:attachment":[{"href":"https:\/\/stonehouse.se\/en\/wp-json\/wp\/v2\/media?parent=31495"}],"wp:term":[{"taxonomy":"product_brand","embeddable":true,"href":"https:\/\/stonehouse.se\/en\/wp-json\/wp\/v2\/product_brand?post=31495"},{"taxonomy":"product_cat","embeddable":true,"href":"https:\/\/stonehouse.se\/en\/wp-json\/wp\/v2\/product_cat?post=31495"},{"taxonomy":"product_tag","embeddable":true,"href":"https:\/\/stonehouse.se\/en\/wp-json\/wp\/v2\/product_tag?post=31495"}],"curies":[{"name":"wp","href":"https:\/\/api.w.org\/{rel}","templated":true}]}}