
{"id":31527,"date":"2022-06-28T12:49:01","date_gmt":"2022-06-28T10:49:01","guid":{"rendered":"https:\/\/stonehouse.se\/produkt\/rostfri-slang-200cm-mc-t7\/"},"modified":"2026-04-08T16:43:23","modified_gmt":"2026-04-08T14:43:23","slug":"rostfri-slang-200cm-mc-t7","status":"publish","type":"product","link":"https:\/\/stonehouse.se\/en\/product\/rostfri-slang-200cm-mc-t7\/","title":{"rendered":"Rostfri Slang 200Cm Mc T7"},"content":{"rendered":"<p>Rostfri flexibel slang i rostfritt st\u00e5l inklusive kabelskydd i \u00e4ndarna, l\u00e4ngd 200 cm och 8mm i diameter. F\u00f6r skydd av kabeln i utsatta milj\u00f6er. Kan kompletteras med v\u00e4ggf\u00e4ste DL H8, 6309088.<\/p>","protected":false},"excerpt":{"rendered":"<p>Rostfri Slang 200Cm MCT7<\/p>","protected":false},"featured_media":83499,"template":"","meta":{"_acf_changed":false},"product_brand":[],"product_cat":[466],"product_tag":[],"class_list":{"0":"post-31527","1":"product","2":"type-product","3":"status-publish","4":"has-post-thumbnail","6":"product_cat-magnetkontakter-inbrottslarm","7":"product_shipping_class-postnord-varubrev","8":"tm-no-options","10":"first","11":"instock","12":"sale","13":"taxable","14":"shipping-taxable","15":"product-type-simple"},"acf":[],"_links":{"self":[{"href":"https:\/\/stonehouse.se\/en\/wp-json\/wp\/v2\/product\/31527","targetHints":{"allow":["GET"]}}],"collection":[{"href":"https:\/\/stonehouse.se\/en\/wp-json\/wp\/v2\/product"}],"about":[{"href":"https:\/\/stonehouse.se\/en\/wp-json\/wp\/v2\/types\/product"}],"wp:featuredmedia":[{"embeddable":true,"href":"https:\/\/stonehouse.se\/en\/wp-json\/wp\/v2\/media\/83499"}],"wp:attachment":[{"href":"https:\/\/stonehouse.se\/en\/wp-json\/wp\/v2\/media?parent=31527"}],"wp:term":[{"taxonomy":"product_brand","embeddable":true,"href":"https:\/\/stonehouse.se\/en\/wp-json\/wp\/v2\/product_brand?post=31527"},{"taxonomy":"product_cat","embeddable":true,"href":"https:\/\/stonehouse.se\/en\/wp-json\/wp\/v2\/product_cat?post=31527"},{"taxonomy":"product_tag","embeddable":true,"href":"https:\/\/stonehouse.se\/en\/wp-json\/wp\/v2\/product_tag?post=31527"}],"curies":[{"name":"wp","href":"https:\/\/api.w.org\/{rel}","templated":true}]}}