
{"id":31543,"date":"2022-06-28T12:41:07","date_gmt":"2022-06-28T10:41:07","guid":{"rendered":"https:\/\/stonehouse.se\/produkt\/infallnadsbakstycke-po-fm\/"},"modified":"2026-04-08T16:47:56","modified_gmt":"2026-04-08T14:47:56","slug":"infallnadsbakstycke-po-fm","status":"publish","type":"product","link":"https:\/\/stonehouse.se\/en\/product\/infallnadsbakstycke-po-fm\/","title":{"rendered":"Inf\u00e4llnadsbakstycke Po-Fm"},"content":{"rendered":"<p>Inf\u00e4llnadsbakstycke till PDM-I12. Med hj\u00e4lp av detta bakstycke kan detektorn f\u00e4llas in i v\u00e4ggen. Flytta \u00f6ver plinten fr\u00e5n detektorn till bakstycket och s\u00e4tt dit fronten.<\/p>","protected":false},"excerpt":{"rendered":"<p>Inf\u00e4llnadsbakstycke till PDM-I12. Med hj\u00e4lp av detta bakstycke kan detektorn f\u00e4llas in i v\u00e4ggen. Flytta \u00f6ver plinten fr\u00e5n detektorn till<\/p>","protected":false},"featured_media":83543,"template":"","meta":{"_acf_changed":false},"product_brand":[],"product_cat":[2615],"product_tag":[],"class_list":{"0":"post-31543","1":"product","2":"type-product","3":"status-publish","4":"has-post-thumbnail","6":"product_cat-rorelse-detektorer","7":"product_shipping_class-tunga-paket","8":"pa_brands-6vanderbilt","9":"tm-no-options","11":"first","12":"outofstock","13":"sale","14":"taxable","15":"shipping-taxable","16":"product-type-simple"},"acf":[],"_links":{"self":[{"href":"https:\/\/stonehouse.se\/en\/wp-json\/wp\/v2\/product\/31543","targetHints":{"allow":["GET"]}}],"collection":[{"href":"https:\/\/stonehouse.se\/en\/wp-json\/wp\/v2\/product"}],"about":[{"href":"https:\/\/stonehouse.se\/en\/wp-json\/wp\/v2\/types\/product"}],"wp:featuredmedia":[{"embeddable":true,"href":"https:\/\/stonehouse.se\/en\/wp-json\/wp\/v2\/media\/83543"}],"wp:attachment":[{"href":"https:\/\/stonehouse.se\/en\/wp-json\/wp\/v2\/media?parent=31543"}],"wp:term":[{"taxonomy":"product_brand","embeddable":true,"href":"https:\/\/stonehouse.se\/en\/wp-json\/wp\/v2\/product_brand?post=31543"},{"taxonomy":"product_cat","embeddable":true,"href":"https:\/\/stonehouse.se\/en\/wp-json\/wp\/v2\/product_cat?post=31543"},{"taxonomy":"product_tag","embeddable":true,"href":"https:\/\/stonehouse.se\/en\/wp-json\/wp\/v2\/product_tag?post=31543"}],"curies":[{"name":"wp","href":"https:\/\/api.w.org\/{rel}","templated":true}]}}