
{"id":31545,"date":"2022-06-28T12:40:57","date_gmt":"2022-06-28T10:40:57","guid":{"rendered":"https:\/\/stonehouse.se\/produkt\/adapter-for-kamerafaste-pz-ca\/"},"modified":"2026-04-08T16:54:33","modified_gmt":"2026-04-08T14:54:33","slug":"adapter-for-kamerafaste-pz-ca","status":"publish","type":"product","link":"https:\/\/stonehouse.se\/en\/product\/adapter-for-kamerafaste-pz-ca\/","title":{"rendered":"Adapter F\u00f6r Kameraf\u00e4ste Pz-Ca"},"content":{"rendered":"<p>\u00bc\u201c adapter f\u00f6r montage p\u00e5 kameraf\u00e4ste med \u00bc\u201c skruv. Levereras i f\u00f6rpackning om 4 st.<\/p>","protected":false},"excerpt":{"rendered":"<p>\u00bc\u201c adapter f\u00f6r montage p\u00e5 kameraf\u00e4ste med \u00bc\u201c skruv. Levereras i f\u00f6rpackning om 4 st.<\/p>","protected":false},"featured_media":83487,"template":"","meta":{"_acf_changed":false},"product_brand":[],"product_cat":[2615],"product_tag":[],"class_list":{"0":"post-31545","1":"product","2":"type-product","3":"status-publish","4":"has-post-thumbnail","6":"product_cat-rorelse-detektorer","7":"product_shipping_class-tunga-paket","8":"pa_brands-6vanderbilt","9":"tm-no-options","11":"first","12":"outofstock","13":"sale","14":"taxable","15":"shipping-taxable","16":"product-type-simple"},"acf":[],"_links":{"self":[{"href":"https:\/\/stonehouse.se\/en\/wp-json\/wp\/v2\/product\/31545","targetHints":{"allow":["GET"]}}],"collection":[{"href":"https:\/\/stonehouse.se\/en\/wp-json\/wp\/v2\/product"}],"about":[{"href":"https:\/\/stonehouse.se\/en\/wp-json\/wp\/v2\/types\/product"}],"wp:featuredmedia":[{"embeddable":true,"href":"https:\/\/stonehouse.se\/en\/wp-json\/wp\/v2\/media\/83487"}],"wp:attachment":[{"href":"https:\/\/stonehouse.se\/en\/wp-json\/wp\/v2\/media?parent=31545"}],"wp:term":[{"taxonomy":"product_brand","embeddable":true,"href":"https:\/\/stonehouse.se\/en\/wp-json\/wp\/v2\/product_brand?post=31545"},{"taxonomy":"product_cat","embeddable":true,"href":"https:\/\/stonehouse.se\/en\/wp-json\/wp\/v2\/product_cat?post=31545"},{"taxonomy":"product_tag","embeddable":true,"href":"https:\/\/stonehouse.se\/en\/wp-json\/wp\/v2\/product_tag?post=31545"}],"curies":[{"name":"wp","href":"https:\/\/api.w.org\/{rel}","templated":true}]}}