
{"id":31552,"date":"2022-06-28T12:40:23","date_gmt":"2022-06-28T10:40:23","guid":{"rendered":"https:\/\/stonehouse.se\/produkt\/skyddsgaller-hornmontage-sg-10\/"},"modified":"2026-04-08T16:56:01","modified_gmt":"2026-04-08T14:56:01","slug":"skyddsgaller-hornmontage-sg-10","status":"publish","type":"product","link":"https:\/\/stonehouse.se\/en\/product\/skyddsgaller-hornmontage-sg-10\/","title":{"rendered":"Skyddsgaller H\u00f6rnmontage Sg-10"},"content":{"rendered":"<p>H\u00f6rnmonterat skyddsgaller f\u00f6r exempelvis IR-detektor mm. M\u00e5tt (HxBxD): 142&#215;145 mm. Vikt: 0,25 kg. Material: Lackerat st\u00e5l. F\u00e4rg: Vit.<\/p>","protected":false},"excerpt":{"rendered":"<p>H\u00f6rnmonterat skyddsgaller f\u00f6r exempelvis IR-detektor mm. M\u00e5tt (HxBxD): 142&#215;145 mm. Vikt: 0,25 kg. Material: Lackerat st\u00e5l. F\u00e4rg: Vit.<\/p>","protected":false},"featured_media":83548,"template":"","meta":{"_acf_changed":false},"product_brand":[],"product_cat":[2615],"product_tag":[],"class_list":{"0":"post-31552","1":"product","2":"type-product","3":"status-publish","4":"has-post-thumbnail","6":"product_cat-rorelse-detektorer","7":"product_shipping_class-tunga-paket","8":"pa_brands-sti","9":"tm-no-options","11":"first","12":"outofstock","13":"sale","14":"taxable","15":"shipping-taxable","16":"product-type-simple"},"acf":[],"_links":{"self":[{"href":"https:\/\/stonehouse.se\/en\/wp-json\/wp\/v2\/product\/31552","targetHints":{"allow":["GET"]}}],"collection":[{"href":"https:\/\/stonehouse.se\/en\/wp-json\/wp\/v2\/product"}],"about":[{"href":"https:\/\/stonehouse.se\/en\/wp-json\/wp\/v2\/types\/product"}],"wp:featuredmedia":[{"embeddable":true,"href":"https:\/\/stonehouse.se\/en\/wp-json\/wp\/v2\/media\/83548"}],"wp:attachment":[{"href":"https:\/\/stonehouse.se\/en\/wp-json\/wp\/v2\/media?parent=31552"}],"wp:term":[{"taxonomy":"product_brand","embeddable":true,"href":"https:\/\/stonehouse.se\/en\/wp-json\/wp\/v2\/product_brand?post=31552"},{"taxonomy":"product_cat","embeddable":true,"href":"https:\/\/stonehouse.se\/en\/wp-json\/wp\/v2\/product_cat?post=31552"},{"taxonomy":"product_tag","embeddable":true,"href":"https:\/\/stonehouse.se\/en\/wp-json\/wp\/v2\/product_tag?post=31552"}],"curies":[{"name":"wp","href":"https:\/\/api.w.org\/{rel}","templated":true}]}}