
{"id":31554,"date":"2022-06-28T12:40:20","date_gmt":"2022-06-28T10:40:20","guid":{"rendered":"https:\/\/stonehouse.se\/produkt\/skyddsgaller-vagmontage-sg-5\/"},"modified":"2026-04-08T16:50:51","modified_gmt":"2026-04-08T14:50:51","slug":"skyddsgaller-vagmontage-sg-5","status":"publish","type":"product","link":"https:\/\/stonehouse.se\/en\/product\/skyddsgaller-vagmontage-sg-5\/","title":{"rendered":"Skyddsgaller V\u00e4gmontage Sg-5"},"content":{"rendered":"<p>Skyddsgaller f\u00f6r v\u00e4ggmontage passande som bollskydd f\u00f6r IR-detektorer mm. M\u00e5tt: (HxBxD): 237x122x109 mm. Vikt (kg): 0,55. Material: Lackerat st\u00e5l. F\u00e4rg: Vit.<\/p>","protected":false},"excerpt":{"rendered":"<p>Skyddsgaller f\u00f6r v\u00e4ggmontage passande som bollskydd f\u00f6r IR-detektorer mm. M\u00e5tt: (HxBxD): 237x122x109 mm. Vikt (kg): 0,55. Material: Lackerat st\u00e5l. F\u00e4rg:<\/p>","protected":false},"featured_media":83553,"template":"","meta":{"_acf_changed":false},"product_brand":[],"product_cat":[2615],"product_tag":[],"class_list":{"0":"post-31554","1":"product","2":"type-product","3":"status-publish","4":"has-post-thumbnail","6":"product_cat-rorelse-detektorer","7":"product_shipping_class-tunga-paket","8":"pa_brands-sti","9":"tm-no-options","11":"first","12":"instock","13":"sale","14":"taxable","15":"shipping-taxable","16":"product-type-simple"},"acf":[],"_links":{"self":[{"href":"https:\/\/stonehouse.se\/en\/wp-json\/wp\/v2\/product\/31554","targetHints":{"allow":["GET"]}}],"collection":[{"href":"https:\/\/stonehouse.se\/en\/wp-json\/wp\/v2\/product"}],"about":[{"href":"https:\/\/stonehouse.se\/en\/wp-json\/wp\/v2\/types\/product"}],"wp:featuredmedia":[{"embeddable":true,"href":"https:\/\/stonehouse.se\/en\/wp-json\/wp\/v2\/media\/83553"}],"wp:attachment":[{"href":"https:\/\/stonehouse.se\/en\/wp-json\/wp\/v2\/media?parent=31554"}],"wp:term":[{"taxonomy":"product_brand","embeddable":true,"href":"https:\/\/stonehouse.se\/en\/wp-json\/wp\/v2\/product_brand?post=31554"},{"taxonomy":"product_cat","embeddable":true,"href":"https:\/\/stonehouse.se\/en\/wp-json\/wp\/v2\/product_cat?post=31554"},{"taxonomy":"product_tag","embeddable":true,"href":"https:\/\/stonehouse.se\/en\/wp-json\/wp\/v2\/product_tag?post=31554"}],"curies":[{"name":"wp","href":"https:\/\/api.w.org\/{rel}","templated":true}]}}