
{"id":31556,"date":"2022-06-28T12:40:16","date_gmt":"2022-06-28T10:40:16","guid":{"rendered":"https:\/\/stonehouse.se\/produkt\/ridaspegel-30m-po-c30\/"},"modified":"2026-04-08T16:51:09","modified_gmt":"2026-04-08T14:51:09","slug":"ridaspegel-30m-po-c30","status":"publish","type":"product","link":"https:\/\/stonehouse.se\/en\/product\/ridaspegel-30m-po-c30\/","title":{"rendered":"Rid\u00e5spegel 30M Po-C30"},"content":{"rendered":"<p>PO-C30 MAGIC Rid\u00e5spegelset till PDM-I18. Rid\u00e5spegeln har \u00f6verlappande zoner f\u00f6r ett komplett detektering av passerande inkr\u00e4ktare. PO-C30 ger 30m r\u00e4ckvidd. Levereras i f\u00f6rpackning om 4 st.<\/p>","protected":false},"excerpt":{"rendered":"<p>PO-C30 MAGIC Rid\u00e5spegelset till PDM-I18. Rid\u00e5spegeln har \u00f6verlappande zoner f\u00f6r ett komplett detektering av passerande inkr\u00e4ktare. PO-C30 ger 30m r\u00e4ckvidd.<\/p>","protected":false},"featured_media":83495,"template":"","meta":{"_acf_changed":false},"product_brand":[],"product_cat":[2615],"product_tag":[],"class_list":{"0":"post-31556","1":"product","2":"type-product","3":"status-publish","4":"has-post-thumbnail","6":"product_cat-rorelse-detektorer","7":"product_shipping_class-tunga-paket","8":"pa_brands-6vanderbilt","9":"tm-no-options","11":"first","12":"instock","13":"sale","14":"taxable","15":"shipping-taxable","16":"product-type-simple"},"acf":[],"_links":{"self":[{"href":"https:\/\/stonehouse.se\/en\/wp-json\/wp\/v2\/product\/31556","targetHints":{"allow":["GET"]}}],"collection":[{"href":"https:\/\/stonehouse.se\/en\/wp-json\/wp\/v2\/product"}],"about":[{"href":"https:\/\/stonehouse.se\/en\/wp-json\/wp\/v2\/types\/product"}],"wp:featuredmedia":[{"embeddable":true,"href":"https:\/\/stonehouse.se\/en\/wp-json\/wp\/v2\/media\/83495"}],"wp:attachment":[{"href":"https:\/\/stonehouse.se\/en\/wp-json\/wp\/v2\/media?parent=31556"}],"wp:term":[{"taxonomy":"product_brand","embeddable":true,"href":"https:\/\/stonehouse.se\/en\/wp-json\/wp\/v2\/product_brand?post=31556"},{"taxonomy":"product_cat","embeddable":true,"href":"https:\/\/stonehouse.se\/en\/wp-json\/wp\/v2\/product_cat?post=31556"},{"taxonomy":"product_tag","embeddable":true,"href":"https:\/\/stonehouse.se\/en\/wp-json\/wp\/v2\/product_tag?post=31556"}],"curies":[{"name":"wp","href":"https:\/\/api.w.org\/{rel}","templated":true}]}}