
{"id":31557,"date":"2022-06-28T12:40:15","date_gmt":"2022-06-28T10:40:15","guid":{"rendered":"https:\/\/stonehouse.se\/produkt\/faste-till-magic-pz-mbg2\/"},"modified":"2026-04-08T16:51:41","modified_gmt":"2026-04-08T14:51:41","slug":"faste-till-magic-pz-mbg2","status":"publish","type":"product","link":"https:\/\/stonehouse.se\/en\/product\/faste-till-magic-pz-mbg2\/","title":{"rendered":"F\u00e4ste Till Magic Pz-Mbg2"},"content":{"rendered":"<p>Montagef\u00e4ste G2 anv\u00e4nds till IR-detektorerna PDM-I12 och PDM-I18. F\u00f6r v\u00e4gg och tak. Kabel genom f\u00e4stet. Grade 2.<\/p>","protected":false},"excerpt":{"rendered":"<p>Montagef\u00e4ste G2 anv\u00e4nds till IR-detektorerna PDM-I12 och PDM-I18. F\u00f6r v\u00e4gg och tak. Kabel genom f\u00e4stet. Grade 2.<\/p>","protected":false},"featured_media":83968,"template":"","meta":{"_acf_changed":false},"product_brand":[],"product_cat":[2801,342],"product_tag":[],"class_list":{"0":"post-31557","1":"product","2":"type-product","3":"status-publish","4":"has-post-thumbnail","6":"product_cat-rorelsedetektor","7":"product_cat-detektorer-larmgivare","8":"product_shipping_class-postnord-varubrev","9":"pa_brands-6vanderbilt","10":"tm-no-options","12":"first","13":"instock","14":"sale","15":"featured","16":"taxable","17":"shipping-taxable","18":"product-type-simple"},"acf":[],"_links":{"self":[{"href":"https:\/\/stonehouse.se\/en\/wp-json\/wp\/v2\/product\/31557","targetHints":{"allow":["GET"]}}],"collection":[{"href":"https:\/\/stonehouse.se\/en\/wp-json\/wp\/v2\/product"}],"about":[{"href":"https:\/\/stonehouse.se\/en\/wp-json\/wp\/v2\/types\/product"}],"wp:featuredmedia":[{"embeddable":true,"href":"https:\/\/stonehouse.se\/en\/wp-json\/wp\/v2\/media\/83968"}],"wp:attachment":[{"href":"https:\/\/stonehouse.se\/en\/wp-json\/wp\/v2\/media?parent=31557"}],"wp:term":[{"taxonomy":"product_brand","embeddable":true,"href":"https:\/\/stonehouse.se\/en\/wp-json\/wp\/v2\/product_brand?post=31557"},{"taxonomy":"product_cat","embeddable":true,"href":"https:\/\/stonehouse.se\/en\/wp-json\/wp\/v2\/product_cat?post=31557"},{"taxonomy":"product_tag","embeddable":true,"href":"https:\/\/stonehouse.se\/en\/wp-json\/wp\/v2\/product_tag?post=31557"}],"curies":[{"name":"wp","href":"https:\/\/api.w.org\/{rel}","templated":true}]}}