
{"id":31558,"date":"2022-06-28T12:40:15","date_gmt":"2022-06-28T10:40:15","guid":{"rendered":"https:\/\/stonehouse.se\/produkt\/husdjursclip-po-cl\/"},"modified":"2026-04-08T16:52:24","modified_gmt":"2026-04-08T14:52:24","slug":"husdjursclip-po-cl","status":"publish","type":"product","link":"https:\/\/stonehouse.se\/en\/product\/husdjursclip-po-cl\/","title":{"rendered":"Husdjursclip Po-Cl"},"content":{"rendered":"<p>PO-CL \u00e4r ett husdjursclips f\u00f6r PDM-I12 (levereras i f\u00f6rpackning om 10 st).<\/p>","protected":false},"excerpt":{"rendered":"<p>PO-CL \u00e4r ett husdjursclips f\u00f6r PDM-I12 (levereras i f\u00f6rpackning om 10 st).<\/p>","protected":false},"featured_media":83971,"template":"","meta":{"_acf_changed":false},"product_brand":[],"product_cat":[2801,342],"product_tag":[],"class_list":{"0":"post-31558","1":"product","2":"type-product","3":"status-publish","4":"has-post-thumbnail","6":"product_cat-rorelsedetektor","7":"product_cat-detektorer-larmgivare","8":"product_shipping_class-tunga-paket","9":"pa_brands-6vanderbilt","10":"tm-no-options","12":"first","13":"instock","14":"sale","15":"featured","16":"taxable","17":"shipping-taxable","18":"product-type-simple"},"acf":[],"_links":{"self":[{"href":"https:\/\/stonehouse.se\/en\/wp-json\/wp\/v2\/product\/31558","targetHints":{"allow":["GET"]}}],"collection":[{"href":"https:\/\/stonehouse.se\/en\/wp-json\/wp\/v2\/product"}],"about":[{"href":"https:\/\/stonehouse.se\/en\/wp-json\/wp\/v2\/types\/product"}],"wp:featuredmedia":[{"embeddable":true,"href":"https:\/\/stonehouse.se\/en\/wp-json\/wp\/v2\/media\/83971"}],"wp:attachment":[{"href":"https:\/\/stonehouse.se\/en\/wp-json\/wp\/v2\/media?parent=31558"}],"wp:term":[{"taxonomy":"product_brand","embeddable":true,"href":"https:\/\/stonehouse.se\/en\/wp-json\/wp\/v2\/product_brand?post=31558"},{"taxonomy":"product_cat","embeddable":true,"href":"https:\/\/stonehouse.se\/en\/wp-json\/wp\/v2\/product_cat?post=31558"},{"taxonomy":"product_tag","embeddable":true,"href":"https:\/\/stonehouse.se\/en\/wp-json\/wp\/v2\/product_tag?post=31558"}],"curies":[{"name":"wp","href":"https:\/\/api.w.org\/{rel}","templated":true}]}}