
{"id":31565,"date":"2022-06-28T12:30:28","date_gmt":"2022-06-28T10:30:28","guid":{"rendered":"https:\/\/stonehouse.se\/produkt\/kombidetektor-ir-mw-dd1012pi\/"},"modified":"2026-04-08T16:47:46","modified_gmt":"2026-04-08T14:47:46","slug":"kombidetektor-ir-mw-dd1012pi","status":"publish","type":"product","link":"https:\/\/stonehouse.se\/en\/product\/kombidetektor-ir-mw-dd1012pi\/","title":{"rendered":"UTC Kombidetektor Ir\/Mw Dd1012Pi"},"content":{"rendered":"<h1>UTC Kombidetektor Ir\/Mw Dd1012Pi<\/h1>\n<p data-start=\"358\" data-end=\"742\">UTC Kombidetektor IR\/MW DD1012PI \u00e4r en dualdetektor som kombinerar PIR och mikrov\u00e5gor f\u00f6r h\u00f6g precision i detektering, och \u00e4r designad f\u00f6r att vara immun mot husdjur upp till 18 kg (ca 35 cm i h\u00f6jd).<\/p>\n<p data-start=\"358\" data-end=\"742\">Med ett t\u00e4ckningsomr\u00e5de p\u00e5 upp till 10 meter och 5 rid\u00e5er, \u00e4r denna detektor perfekt f\u00f6r b\u00e5de hem och kommersiella applikationer d\u00e4r husdjur kan r\u00f6ra sig fritt.<\/p>\n<p data-start=\"744\" data-end=\"1141\">Den patenterade radargr\u00e4nsteknologin g\u00f6r det m\u00f6jligt att exakt definiera detektionsomr\u00e5det, vilket minimerar risken f\u00f6r falsklarm.<\/p>\n<p data-start=\"744\" data-end=\"1141\">DD1012PI anv\u00e4nder en spegeloptik med PIR-teknologi som skapar en effektiv och kontinuerlig detektering av r\u00f6relse fr\u00e5n golv till tak.<\/p>\n<p data-start=\"744\" data-end=\"1141\">Signalen fr\u00e5n b\u00e5de PIR och radar behandlas f\u00f6r att ge en intelligent bed\u00f6mning av alarmet baserat p\u00e5 klassificeringen av signalerna.<\/p>\n<p data-start=\"1143\" data-end=\"1388\">En extra funktion \u00e4r den gr\u00f6na l\u00e4get, d\u00e4r mikrov\u00e5gsteknologin kan st\u00e4ngas av n\u00e4r s\u00e4kerhetssystemet inte \u00e4r aktiverat, vilket sparar energi.<\/p>\n<p data-start=\"1143\" data-end=\"1388\">DD1012PI har ocks\u00e5 automatisk autodiagnos f\u00f6r alla teknologier, vilket s\u00e4kerst\u00e4ller p\u00e5litlighet \u00f6ver tid.<\/p>\n<p data-start=\"1390\" data-end=\"1419\"><strong data-start=\"1390\" data-end=\"1418\">Tekniska specifikationer<\/strong>:<\/p>\n<ul data-start=\"1420\" data-end=\"1938\">\n<li data-start=\"1420\" data-end=\"1461\">\n<p data-start=\"1422\" data-end=\"1461\"><strong data-start=\"1422\" data-end=\"1446\">Sp\u00e4nning (vid drift)<\/strong>: 9 till 15 VDC<\/p>\n<\/li>\n<li data-start=\"1462\" data-end=\"1490\">\n<p data-start=\"1464\" data-end=\"1490\"><strong data-start=\"1464\" data-end=\"1484\">Str\u00f6mf\u00f6rbrukning<\/strong>: 8 mA<\/p>\n<\/li>\n<li data-start=\"1491\" data-end=\"1521\">\n<p data-start=\"1493\" data-end=\"1521\"><strong data-start=\"1493\" data-end=\"1518\">Certifierad larmklass<\/strong>: 2<\/p>\n<\/li>\n<li data-start=\"1522\" data-end=\"1565\">\n<p data-start=\"1524\" data-end=\"1565\"><strong data-start=\"1524\" data-end=\"1546\">Detekteringsomr\u00e5de<\/strong>: Upp till 10 meter<\/p>\n<\/li>\n<li data-start=\"1566\" data-end=\"1598\">\n<p data-start=\"1568\" data-end=\"1598\"><strong data-start=\"1568\" data-end=\"1589\">Frekvens mikrov\u00e5g<\/strong>: 5,8 GHz<\/p>\n<\/li>\n<li data-start=\"1599\" data-end=\"1656\">\n<p data-start=\"1601\" data-end=\"1656\"><strong data-start=\"1601\" data-end=\"1618\">Husdjursskydd<\/strong>: Immun upp till 18 kg (ca 35 cm h\u00f6jd)<\/p>\n<\/li>\n<li data-start=\"1657\" data-end=\"1678\">\n<p data-start=\"1659\" data-end=\"1678\"><strong data-start=\"1659\" data-end=\"1675\">Antal rid\u00e5er<\/strong>: 5<\/p>\n<\/li>\n<li data-start=\"1679\" data-end=\"1719\">\n<p data-start=\"1681\" data-end=\"1719\"><strong data-start=\"1681\" data-end=\"1715\">Patenterad radargr\u00e4nsteknologi<\/strong>: Ja<\/p>\n<\/li>\n<li data-start=\"1720\" data-end=\"1759\">\n<p data-start=\"1722\" data-end=\"1759\"><strong data-start=\"1722\" data-end=\"1755\">Spegeloptik med PIR-teknologi<\/strong>: Ja<\/p>\n<\/li>\n<li data-start=\"1760\" data-end=\"1806\">\n<p data-start=\"1762\" data-end=\"1806\"><strong data-start=\"1762\" data-end=\"1802\">Gr\u00f6nt l\u00e4ge (radarteknologi avst\u00e4ngd)<\/strong>: Ja<\/p>\n<\/li>\n<li data-start=\"1807\" data-end=\"1828\">\n<p data-start=\"1809\" data-end=\"1828\"><strong data-start=\"1809\" data-end=\"1824\">Autodiagnos<\/strong>: Ja<\/p>\n<\/li>\n<li data-start=\"1829\" data-end=\"1880\">\n<p data-start=\"1831\" data-end=\"1880\"><strong data-start=\"1831\" data-end=\"1876\">Certifierad enligt EN Grade II och UL\/ULc<\/strong>: Ja<\/p>\n<\/li>\n<li data-start=\"1881\" data-end=\"1938\">\n<p data-start=\"1883\" data-end=\"1938\"><strong data-start=\"1883\" data-end=\"1905\">Installationsmetod<\/strong>: Enkel och flexibel installation<\/p>\n<\/li>\n<\/ul>","protected":false},"excerpt":{"rendered":"<p>UTC DD1012PI \u00e4r en husdjursimmun kombidetektor med PIR och mikrov\u00e5gor, som skyddar upp till 10 meter och \u00e4r immun mot husdjur upp till 18 kg.<\/p>\n<p>Den har 5 rid\u00e5er och en innovativ radargr\u00e4nsteknologi.<\/p>","protected":false},"featured_media":83636,"template":"","meta":{"_acf_changed":false},"product_brand":[],"product_cat":[2615],"product_tag":[1460],"class_list":{"0":"post-31565","1":"product","2":"type-product","3":"status-publish","4":"has-post-thumbnail","6":"product_cat-rorelse-detektorer","7":"product_tag-rorelsedetektor-kombidetektorer","8":"product_shipping_class-tunga-paket","9":"pa_brands-aritech","10":"tm-no-options","12":"first","13":"outofstock","14":"sale","15":"taxable","16":"shipping-taxable","17":"product-type-simple"},"acf":[],"_links":{"self":[{"href":"https:\/\/stonehouse.se\/en\/wp-json\/wp\/v2\/product\/31565","targetHints":{"allow":["GET"]}}],"collection":[{"href":"https:\/\/stonehouse.se\/en\/wp-json\/wp\/v2\/product"}],"about":[{"href":"https:\/\/stonehouse.se\/en\/wp-json\/wp\/v2\/types\/product"}],"wp:featuredmedia":[{"embeddable":true,"href":"https:\/\/stonehouse.se\/en\/wp-json\/wp\/v2\/media\/83636"}],"wp:attachment":[{"href":"https:\/\/stonehouse.se\/en\/wp-json\/wp\/v2\/media?parent=31565"}],"wp:term":[{"taxonomy":"product_brand","embeddable":true,"href":"https:\/\/stonehouse.se\/en\/wp-json\/wp\/v2\/product_brand?post=31565"},{"taxonomy":"product_cat","embeddable":true,"href":"https:\/\/stonehouse.se\/en\/wp-json\/wp\/v2\/product_cat?post=31565"},{"taxonomy":"product_tag","embeddable":true,"href":"https:\/\/stonehouse.se\/en\/wp-json\/wp\/v2\/product_tag?post=31565"}],"curies":[{"name":"wp","href":"https:\/\/api.w.org\/{rel}","templated":true}]}}