
{"id":31585,"date":"2022-06-28T13:20:47","date_gmt":"2022-06-28T11:20:47","guid":{"rendered":"https:\/\/stonehouse.se\/produkt\/airborne-dc-8\/"},"modified":"2026-04-08T16:49:45","modified_gmt":"2026-04-08T14:49:45","slug":"airborne-dc-8","status":"publish","type":"product","link":"https:\/\/stonehouse.se\/en\/product\/airborne-dc-8\/","title":{"rendered":"Airborne Dc 8"},"content":{"rendered":"<p>Larms\u00e4ndare (2G\/4G) godk\u00e4nd f\u00f6r \u00f6verf\u00f6ring av inbrottslarm upp till larmklass 2 enligt SBF 110:8 samt brandlarm enligt SSF 114:2. Kan anv\u00e4ndas till traditionella telefonuppringare d\u00e4r analoga protokoll som SIA, Robofon eller CID digitaliseras och \u00f6verf\u00f6rs digitalt. Larms\u00e4ndaren har 8 ing\u00e5ngar och 2 utg\u00e5ngar samt m\u00f6jlighet till seriell kommunikation med centralapparat. Levereras utan kapsling.<\/p>","protected":false},"excerpt":{"rendered":"<p>Larms\u00e4ndare (2G\/4G) godk\u00e4nd f\u00f6r \u00f6verf\u00f6ring av inbrottslarm upp till larmklass 2 enligt SBF 110:8 samt brandlarm enligt SSF 114:2. Kan<\/p>","protected":false},"featured_media":83200,"template":"","meta":{"_acf_changed":false},"product_brand":[],"product_cat":[472],"product_tag":[1587],"class_list":{"0":"post-31585","1":"product","2":"type-product","3":"status-publish","4":"has-post-thumbnail","6":"product_cat-larmoverforing","7":"product_tag-larmoverforing-4g-sandare-med-ip-klass-2","8":"product_shipping_class-tunga-paket","9":"pa_brands-addsecure","10":"tm-no-options","12":"first","13":"outofstock","14":"sale","15":"taxable","16":"shipping-taxable","17":"product-type-simple"},"acf":[],"_links":{"self":[{"href":"https:\/\/stonehouse.se\/en\/wp-json\/wp\/v2\/product\/31585","targetHints":{"allow":["GET"]}}],"collection":[{"href":"https:\/\/stonehouse.se\/en\/wp-json\/wp\/v2\/product"}],"about":[{"href":"https:\/\/stonehouse.se\/en\/wp-json\/wp\/v2\/types\/product"}],"wp:featuredmedia":[{"embeddable":true,"href":"https:\/\/stonehouse.se\/en\/wp-json\/wp\/v2\/media\/83200"}],"wp:attachment":[{"href":"https:\/\/stonehouse.se\/en\/wp-json\/wp\/v2\/media?parent=31585"}],"wp:term":[{"taxonomy":"product_brand","embeddable":true,"href":"https:\/\/stonehouse.se\/en\/wp-json\/wp\/v2\/product_brand?post=31585"},{"taxonomy":"product_cat","embeddable":true,"href":"https:\/\/stonehouse.se\/en\/wp-json\/wp\/v2\/product_cat?post=31585"},{"taxonomy":"product_tag","embeddable":true,"href":"https:\/\/stonehouse.se\/en\/wp-json\/wp\/v2\/product_tag?post=31585"}],"curies":[{"name":"wp","href":"https:\/\/api.w.org\/{rel}","templated":true}]}}