
{"id":31590,"date":"2022-06-28T13:20:04","date_gmt":"2022-06-28T11:20:04","guid":{"rendered":"https:\/\/stonehouse.se\/produkt\/security-router-4g-pangea\/"},"modified":"2026-04-08T16:51:09","modified_gmt":"2026-04-08T14:51:09","slug":"security-router-4g-pangea","status":"publish","type":"product","link":"https:\/\/stonehouse.se\/en\/product\/security-router-4g-pangea\/","title":{"rendered":"Security Router 4G Pangea"},"content":{"rendered":"<p>PANGEA 4G Security Router \u00e4r en effektiv och s\u00e4ker 4G Router f\u00f6r CCTV-, passer-, energi\u00f6vervakning och fastighetsautomationssystem etc. PANGEA \u00e4r s\u00e4rskilt utvecklad med s\u00e4kerhetsindustrins h\u00f6gt st\u00e4llda krav och l\u00e4nkar samman fastighetens samtliga system.L\u00f6sningen \u00e4r idealisk n\u00e4r en fast internetf\u00f6rbindelse saknas men den ger ocks\u00e5 en problemfri och s\u00e4ker kommunikationsl\u00f6sning n\u00e4r det redan finns en IT-infrastruktur som man vill anv\u00e4nda sig av. Certifierade larms\u00e4ndarfunktioner Larmklass 1-3 + Brand och 4 st VPN anslutningar finns bla som tillval. PANGEA har automatisk uppkoppling mot mobiln\u00e4ten med roamande funktion. Det integrerade SIM-kortet \u00e4r en f\u00f6ruts\u00e4ttning f\u00f6r en stabil och s\u00e4ker uppkoppling som skyddar mot intr\u00e5ng. Som installat\u00f6r anger du niv\u00e5 p\u00e5 datatillg\u00e5ng vid konfigureringen i EasyWebManager. Niv\u00e5n kan justeras vid behov. 1 st WAN f\u00f6r ethernetanslutning f\u00f6r tex larm\u00f6verf\u00f6ring eller data\u00f6verf\u00f6ring, 4 st LAN med VLAN teknologi och VPN (tillval), 1 st 4G\/3G\/2G modem 100 bps nedladding och 50 Mbps uppladdning, E-SIM Dualtech SecureSIM-E Roamande, Telelinjeutg\u00e5ng f\u00f6r Dialer capture med st\u00f6d f\u00f6r analoga larmprotokoll SIA 1-3, Contact-ID och Robofon, St\u00f6d f\u00f6r digitalt larmprotokoll V4, E-mail, SMS (tillval), 8 st digitala ing\u00e5ngar, 5 st bistabila rel\u00e4utg\u00e5ngar, 4 st optorel\u00e4 utg\u00e5ngar, 1 st RS-232, 1 st RS-485, 1 st TTL 5V. Levereras i pl\u00e5tkapsling med 0,5 m antennkabel.<\/p>","protected":false},"excerpt":{"rendered":"<p>PANGEA 4G Security Router \u00e4r en effektiv och s\u00e4ker 4G Router f\u00f6r CCTV-, passer-, energi\u00f6vervakning och fastighetsautomationssystem etc. PANGEA \u00e4r<\/p>","protected":false},"featured_media":83136,"template":"","meta":{"_acf_changed":false},"product_brand":[],"product_cat":[472],"product_tag":[1589],"class_list":{"0":"post-31590","1":"product","2":"type-product","3":"status-publish","4":"has-post-thumbnail","6":"product_cat-larmoverforing","7":"product_tag-larmoverforing-4g-sandare-med-ip-klass-3-4","8":"product_shipping_class-tunga-paket","9":"tm-no-options","11":"first","12":"outofstock","13":"sale","14":"taxable","15":"shipping-taxable","16":"product-type-simple"},"acf":[],"_links":{"self":[{"href":"https:\/\/stonehouse.se\/en\/wp-json\/wp\/v2\/product\/31590","targetHints":{"allow":["GET"]}}],"collection":[{"href":"https:\/\/stonehouse.se\/en\/wp-json\/wp\/v2\/product"}],"about":[{"href":"https:\/\/stonehouse.se\/en\/wp-json\/wp\/v2\/types\/product"}],"wp:featuredmedia":[{"embeddable":true,"href":"https:\/\/stonehouse.se\/en\/wp-json\/wp\/v2\/media\/83136"}],"wp:attachment":[{"href":"https:\/\/stonehouse.se\/en\/wp-json\/wp\/v2\/media?parent=31590"}],"wp:term":[{"taxonomy":"product_brand","embeddable":true,"href":"https:\/\/stonehouse.se\/en\/wp-json\/wp\/v2\/product_brand?post=31590"},{"taxonomy":"product_cat","embeddable":true,"href":"https:\/\/stonehouse.se\/en\/wp-json\/wp\/v2\/product_cat?post=31590"},{"taxonomy":"product_tag","embeddable":true,"href":"https:\/\/stonehouse.se\/en\/wp-json\/wp\/v2\/product_tag?post=31590"}],"curies":[{"name":"wp","href":"https:\/\/api.w.org\/{rel}","templated":true}]}}