
{"id":31593,"date":"2022-06-28T13:19:44","date_gmt":"2022-06-28T11:19:44","guid":{"rendered":"https:\/\/stonehouse.se\/produkt\/airborne-dc-dual\/"},"modified":"2026-04-08T16:52:23","modified_gmt":"2026-04-08T14:52:23","slug":"airborne-dc-dual","status":"publish","type":"product","link":"https:\/\/stonehouse.se\/en\/product\/airborne-dc-dual\/","title":{"rendered":"Airborne Dc Dual"},"content":{"rendered":"<p>Larms\u00e4ndare godk\u00e4nd f\u00f6r \u00f6verf\u00f6ring av inbrottslarm larmklass 3-4 enligt SBF 110:8 samt brandlarm enligt SSF 114:2. Airborne DC Dual anv\u00e4nder dubbla larmv\u00e4gar med mobiln\u00e4tet (2G\/4G) som prim\u00e4r kommunikationskanal och fast IP-f\u00f6rbindelse som backup. Kan anv\u00e4ndas till traditionella telefonuppringare d\u00e4r analoga protokoll som SIA, Robofon eller CID digitaliseras och \u00f6verf\u00f6rs digitalt. Larms\u00e4ndaren har 16 ing\u00e5ngar och 4 utg\u00e5ngar samt m\u00f6jlighet till seriell kommunikation med centralapparat. Levereras utan kapsling.<\/p>","protected":false},"excerpt":{"rendered":"<p>Larms\u00e4ndare godk\u00e4nd f\u00f6r \u00f6verf\u00f6ring av inbrottslarm larmklass 3-4 enligt SBF 110:8 samt brandlarm enligt SSF 114:2. Airborne DC Dual anv\u00e4nder<\/p>","protected":false},"featured_media":83508,"template":"","meta":{"_acf_changed":false},"product_brand":[],"product_cat":[472],"product_tag":[1589],"class_list":{"0":"post-31593","1":"product","2":"type-product","3":"status-publish","4":"has-post-thumbnail","6":"product_cat-larmoverforing","7":"product_tag-larmoverforing-4g-sandare-med-ip-klass-3-4","8":"product_shipping_class-tunga-paket","9":"pa_brands-addsecure","10":"tm-no-options","12":"first","13":"instock","14":"sale","15":"featured","16":"taxable","17":"shipping-taxable","18":"product-type-simple"},"acf":[],"_links":{"self":[{"href":"https:\/\/stonehouse.se\/en\/wp-json\/wp\/v2\/product\/31593","targetHints":{"allow":["GET"]}}],"collection":[{"href":"https:\/\/stonehouse.se\/en\/wp-json\/wp\/v2\/product"}],"about":[{"href":"https:\/\/stonehouse.se\/en\/wp-json\/wp\/v2\/types\/product"}],"wp:featuredmedia":[{"embeddable":true,"href":"https:\/\/stonehouse.se\/en\/wp-json\/wp\/v2\/media\/83508"}],"wp:attachment":[{"href":"https:\/\/stonehouse.se\/en\/wp-json\/wp\/v2\/media?parent=31593"}],"wp:term":[{"taxonomy":"product_brand","embeddable":true,"href":"https:\/\/stonehouse.se\/en\/wp-json\/wp\/v2\/product_brand?post=31593"},{"taxonomy":"product_cat","embeddable":true,"href":"https:\/\/stonehouse.se\/en\/wp-json\/wp\/v2\/product_cat?post=31593"},{"taxonomy":"product_tag","embeddable":true,"href":"https:\/\/stonehouse.se\/en\/wp-json\/wp\/v2\/product_tag?post=31593"}],"curies":[{"name":"wp","href":"https:\/\/api.w.org\/{rel}","templated":true}]}}