
{"id":31594,"date":"2022-06-28T13:19:34","date_gmt":"2022-06-28T11:19:34","guid":{"rendered":"https:\/\/stonehouse.se\/produkt\/larmsandare-edge-rt7020\/"},"modified":"2026-04-08T16:59:46","modified_gmt":"2026-04-08T14:59:46","slug":"larmsandare-edge-rt7020","status":"publish","type":"product","link":"https:\/\/stonehouse.se\/en\/product\/larmsandare-edge-rt7020\/","title":{"rendered":"Larms\u00e4ndare Edge Rt7020"},"content":{"rendered":"<p>Larms\u00e4ndare Edge RT7020 Enterprise \u00e4r en h\u00e5rdvaruplattform som kombinerar avancerad och snabb router-teknologi med certifierad \u00f6verf\u00f6ring av brand- och inbrottslarm. Den har designats utifr\u00e5n s\u00e4kerhetsbranschens h\u00e5rda krav och kan anv\u00e4ndas f\u00f6r att l\u00e4nka samman alla s\u00e4kerhets- och kontrollsystem i en byggnad. Edge RT7020 Enterprise skapar en effektiv knutpunkt f\u00f6r anslutning av olika larm- och \u00f6vervakningssystem inom samma fastighet. Dubbla kommunikationsv\u00e4gar f\u00f6r larm\u00f6verf\u00f6ring. Radio och fast IPf\u00f6rbindelse. Erbjuder fj\u00e4rraccess till anslutna system. F\u00f6rdelar: Framtidss\u00e4ker. Snabb och enkel installation. Automatisk drifts\u00e4ttning via AddSecures Connectplattform. LINK SIM-kort med datam\u00e4ngd avsedd f\u00f6r larmkommunikation \u00e4r inkluderat. Extra mobildata f\u00f6r annat \u00e4n larm\u00f6verf\u00f6ring finns som till\u00e4gg. Tekniska data: Ethernet standard 1xWAN f\u00f6r larmkommunikation och 4xLAN med VLAN teknologi och VPN (ej standard). Anslutning: RJ45 kontakt f\u00f6r CAT5 kablage. IP adress: Dynamisk (DHCP) eller fast. Str\u00f6mf\u00f6rs\u00f6rjning: 11-30 VDC. Str\u00f6mf\u00f6rbrukning: 200 mA vid 12 VDC. Mobiln\u00e4t: 2G\/2G\/4G. Gr\u00e4nssnitt mot larmcentral: AddSecure Connect. Dial capture mot centralapparat: Ja. Seriellt mot centralapparat: RS485, TTL, RS232. Ing\u00e5ngar: 8 digitala ing\u00e5ngar. Utg\u00e5ngar: 5 bi-stabila rel\u00e4utg\u00e5ngar och 4 potentialfria utg\u00e5ngar. Vikt: 1,2 kg. M\u00e5tt: (LxHxB): 215x45x135 mm. Temperaturomr\u00e5de: -5 till +40 grader. Standarder: EN50136-2, SSF114, SBF110:8, EN50131-10 och EN55-21:2006.<\/p>","protected":false},"excerpt":{"rendered":"<p>Larms\u00e4ndare Edge RT7020 Enterprise \u00e4r en h\u00e5rdvaruplattform som kombinerar avancerad och snabb router-teknologi med certifierad \u00f6verf\u00f6ring av brand- och inbrottslarm.<\/p>","protected":false},"featured_media":83262,"template":"","meta":{"_acf_changed":false},"product_brand":[],"product_cat":[472],"product_tag":[1589],"class_list":{"0":"post-31594","1":"product","2":"type-product","3":"status-publish","4":"has-post-thumbnail","6":"product_cat-larmoverforing","7":"product_tag-larmoverforing-4g-sandare-med-ip-klass-3-4","8":"product_shipping_class-tunga-paket","9":"pa_brands-addsecure","10":"tm-no-options","12":"first","13":"instock","14":"sale","15":"taxable","16":"shipping-taxable","17":"product-type-simple"},"acf":[],"_links":{"self":[{"href":"https:\/\/stonehouse.se\/en\/wp-json\/wp\/v2\/product\/31594","targetHints":{"allow":["GET"]}}],"collection":[{"href":"https:\/\/stonehouse.se\/en\/wp-json\/wp\/v2\/product"}],"about":[{"href":"https:\/\/stonehouse.se\/en\/wp-json\/wp\/v2\/types\/product"}],"wp:featuredmedia":[{"embeddable":true,"href":"https:\/\/stonehouse.se\/en\/wp-json\/wp\/v2\/media\/83262"}],"wp:attachment":[{"href":"https:\/\/stonehouse.se\/en\/wp-json\/wp\/v2\/media?parent=31594"}],"wp:term":[{"taxonomy":"product_brand","embeddable":true,"href":"https:\/\/stonehouse.se\/en\/wp-json\/wp\/v2\/product_brand?post=31594"},{"taxonomy":"product_cat","embeddable":true,"href":"https:\/\/stonehouse.se\/en\/wp-json\/wp\/v2\/product_cat?post=31594"},{"taxonomy":"product_tag","embeddable":true,"href":"https:\/\/stonehouse.se\/en\/wp-json\/wp\/v2\/product_tag?post=31594"}],"curies":[{"name":"wp","href":"https:\/\/api.w.org\/{rel}","templated":true}]}}