
{"id":31596,"date":"2022-06-28T13:19:33","date_gmt":"2022-06-28T11:19:33","guid":{"rendered":"https:\/\/stonehouse.se\/produkt\/larmsand-dalm1000ip-4gkthsim24\/"},"modified":"2026-04-08T16:52:36","modified_gmt":"2026-04-08T14:52:36","slug":"larmsand-dalm1000ip-4gkthsim24","status":"publish","type":"product","link":"https:\/\/stonehouse.se\/en\/product\/larmsand-dalm1000ip-4gkthsim24\/","title":{"rendered":"Larms\u00e4nd Dalm1000Ip\/4Gkthsim24"},"content":{"rendered":"<p>DALM IP Communicator \u00e4r en extern larms\u00e4ndare f\u00f6r inbrott, brand -o driftlarm.Telelinjeutg\u00e5ng hanterar SIA,CID,Robofon och konverterar till IP-protokoll V4 f\u00f6r \u00f6verf\u00f6ring till LC. 8 ing\u00e5ngar f\u00f6r larm och 4 utg\u00e5ngar. Skickar SMS och mail.4 IP-kameror kan anslutas.DALM ger enkel fj\u00e4rraccess till ansluten centralapparat.Sim-kortet SecureSIM24 ing\u00e5r,\u00e4r roamande och ger optimal tillg\u00e4nglighet. Dessutom tillg\u00e5ng till tj\u00e4nsten EagleEye Kund APP med bildvisning,fj\u00e4rrstyrning och larmbesked via mobiltelefon<\/p>","protected":false},"excerpt":{"rendered":"<p>DALM IP Communicator \u00e4r en extern larms\u00e4ndare f\u00f6r inbrott, brand -o driftlarm.Telelinjeutg\u00e5ng hanterar SIA,CID,Robofon och konverterar till IP-protokoll V4 f\u00f6r<\/p>","protected":false},"featured_media":83271,"template":"","meta":{"_acf_changed":false},"product_brand":[],"product_cat":[472],"product_tag":[1586],"class_list":{"0":"post-31596","1":"product","2":"type-product","3":"status-publish","4":"has-post-thumbnail","6":"product_cat-larmoverforing","7":"product_tag-larmoverforing-4g-sandare-med-ip-klass-1","8":"product_shipping_class-tunga-paket","9":"pa_brands-addsecure","10":"tm-no-options","12":"first","13":"outofstock","14":"sale","15":"taxable","16":"shipping-taxable","17":"product-type-simple"},"acf":[],"_links":{"self":[{"href":"https:\/\/stonehouse.se\/en\/wp-json\/wp\/v2\/product\/31596","targetHints":{"allow":["GET"]}}],"collection":[{"href":"https:\/\/stonehouse.se\/en\/wp-json\/wp\/v2\/product"}],"about":[{"href":"https:\/\/stonehouse.se\/en\/wp-json\/wp\/v2\/types\/product"}],"wp:featuredmedia":[{"embeddable":true,"href":"https:\/\/stonehouse.se\/en\/wp-json\/wp\/v2\/media\/83271"}],"wp:attachment":[{"href":"https:\/\/stonehouse.se\/en\/wp-json\/wp\/v2\/media?parent=31596"}],"wp:term":[{"taxonomy":"product_brand","embeddable":true,"href":"https:\/\/stonehouse.se\/en\/wp-json\/wp\/v2\/product_brand?post=31596"},{"taxonomy":"product_cat","embeddable":true,"href":"https:\/\/stonehouse.se\/en\/wp-json\/wp\/v2\/product_cat?post=31596"},{"taxonomy":"product_tag","embeddable":true,"href":"https:\/\/stonehouse.se\/en\/wp-json\/wp\/v2\/product_tag?post=31596"}],"curies":[{"name":"wp","href":"https:\/\/api.w.org\/{rel}","templated":true}]}}