
{"id":31600,"date":"2022-06-28T13:19:15","date_gmt":"2022-06-28T11:19:15","guid":{"rendered":"https:\/\/stonehouse.se\/produkt\/airborne-dc-e-medium\/"},"modified":"2026-04-08T16:49:16","modified_gmt":"2026-04-08T14:49:16","slug":"airborne-dc-e-medium","status":"publish","type":"product","link":"https:\/\/stonehouse.se\/en\/product\/airborne-dc-e-medium\/","title":{"rendered":"Airborne Dc E-Medium"},"content":{"rendered":"<p>Airborne DC-E Medium \u00e4r en larms\u00e4ndare f\u00f6r \u00f6vervakad larm\u00f6verf\u00f6ring. Den fungerar mot de flesta larmsystemen p\u00e5 marknaden och kan \u00f6verf\u00f6ra larm till en eller flera olika larmcentraler. Airborne DC-E Medium \u00f6verf\u00f6r larmen via mobiln\u00e4tet och fungerar utan fast telefoniabonnemang och bredband. Airborne DC-E Medium simulerar en analog telefonlinje och ers\u00e4tter d\u00e4rmed det traditionella telefonabonnemanget (OBS! Telefonlinjen kan inte anv\u00e4ndas f\u00f6r tal). DC st\u00e5r f\u00f6r Dial Capture och s\u00e4kerst\u00e4ller att larms\u00e4ndaren tolkar larmsystemets analoga ton- och modemsignaler och har bl.a.st\u00f6d f\u00f6r larmprotokollen SIA och Contact ID. De analoga protokollen konverteras till digitala signaler som ger en s\u00e4krare \u00f6verf\u00f6ring via mobildatan\u00e4tet. Larms\u00e4ndaren har som tillval 2 st. programmeringsbara ing\u00e5ngar\/utg\u00e5ngar f\u00f6r digitala summalarm eller rel\u00e4utg\u00e5ngar. Larms\u00e4ndaren har en serieport (RS232) som bl.a. kan anv\u00e4ndas till att \u00f6verf\u00f6ra ESPA 4.4.4-protokoll till en brandlarmcentral med detaljerad information fr\u00e5n brandlarmsystemet. Airborne DC-E Medium \u00e4r utvecklad f\u00f6r att anv\u00e4ndas tillsammans medAddSecures tj\u00e4nster f\u00f6r s\u00e4ker larm\u00f6verf\u00f6ring. Viktigaste funktionerna f\u00f6r tj\u00e4nsten: Ta emot, logga och hantera alla inkommande larmsignaler, \u00d6verf\u00f6ra larm till en eller flera larmmottagare, enligt kundens \u00f6nskem\u00e5l, Kontinuerligt \u00f6vervaka samtliga larm s\u00e4ndare som \u00e4r anslutna till v\u00e5ra tj\u00e4nster, Automatisk uppdatera larms\u00e4ndarnas programvara. F\u00f6rpackningen inneh\u00e5ller: Airborne DC kretskort, Sabotagekort, Plastkapsling (sabotages\u00e4ker) M\u00e5tt (BxHxD): 160x170x60 mm, Integrerat SIM-kort (e-SIM) med tillh\u00f6randeAddSecureabonnemang, Snabbguide, Information och support, Inbyggd antenn, Monteringsskruvar, Dekaler.<\/p>","protected":false},"excerpt":{"rendered":"<p>Airborne DC-E Medium \u00e4r en larms\u00e4ndare f\u00f6r \u00f6vervakad larm\u00f6verf\u00f6ring. Den fungerar mot de flesta larmsystemen p\u00e5 marknaden och kan \u00f6verf\u00f6ra<\/p>","protected":false},"featured_media":83277,"template":"","meta":{"_acf_changed":false},"product_brand":[],"product_cat":[472],"product_tag":[1587],"class_list":{"0":"post-31600","1":"product","2":"type-product","3":"status-publish","4":"has-post-thumbnail","6":"product_cat-larmoverforing","7":"product_tag-larmoverforing-4g-sandare-med-ip-klass-2","8":"product_shipping_class-tunga-paket","9":"pa_brands-addsecure","10":"tm-no-options","12":"first","13":"instock","14":"sale","15":"featured","16":"taxable","17":"shipping-taxable","18":"product-type-simple"},"acf":[],"_links":{"self":[{"href":"https:\/\/stonehouse.se\/en\/wp-json\/wp\/v2\/product\/31600","targetHints":{"allow":["GET"]}}],"collection":[{"href":"https:\/\/stonehouse.se\/en\/wp-json\/wp\/v2\/product"}],"about":[{"href":"https:\/\/stonehouse.se\/en\/wp-json\/wp\/v2\/types\/product"}],"wp:featuredmedia":[{"embeddable":true,"href":"https:\/\/stonehouse.se\/en\/wp-json\/wp\/v2\/media\/83277"}],"wp:attachment":[{"href":"https:\/\/stonehouse.se\/en\/wp-json\/wp\/v2\/media?parent=31600"}],"wp:term":[{"taxonomy":"product_brand","embeddable":true,"href":"https:\/\/stonehouse.se\/en\/wp-json\/wp\/v2\/product_brand?post=31600"},{"taxonomy":"product_cat","embeddable":true,"href":"https:\/\/stonehouse.se\/en\/wp-json\/wp\/v2\/product_cat?post=31600"},{"taxonomy":"product_tag","embeddable":true,"href":"https:\/\/stonehouse.se\/en\/wp-json\/wp\/v2\/product_tag?post=31600"}],"curies":[{"name":"wp","href":"https:\/\/api.w.org\/{rel}","templated":true}]}}